{"id":23924,"date":"2026-01-08T12:33:20","date_gmt":"2026-01-08T20:33:20","guid":{"rendered":"https:\/\/casi-acms.com\/podcast\/"},"modified":"2026-04-28T07:30:17","modified_gmt":"2026-04-28T14:30:17","slug":"podcast","status":"publish","type":"page","link":"https:\/\/casi-acms.com\/fr\/podcast\/","title":{"rendered":"Podcast"},"content":{"rendered":"\n<div class=\"wp-block-cover\"><img loading=\"lazy\" decoding=\"async\" width=\"1296\" height=\"864\" class=\"wp-block-cover__image-background wp-image-23902 size-large\" alt=\"\" src=\"https:\/\/casi-acms.com\/wp-content\/uploads\/2026\/01\/LakeLouiseNTT_selections2024Apr14RobWhelanPhoto-60-1296x864.jpg\" style=\"object-position:50% 50%\" data-object-fit=\"cover\" data-object-position=\"50% 50%\" srcset=\"https:\/\/casi-acms.com\/wp-content\/uploads\/2026\/01\/LakeLouiseNTT_selections2024Apr14RobWhelanPhoto-60-1296x864.jpg 1296w, https:\/\/casi-acms.com\/wp-content\/uploads\/2026\/01\/LakeLouiseNTT_selections2024Apr14RobWhelanPhoto-60-636x424.jpg 636w, https:\/\/casi-acms.com\/wp-content\/uploads\/2026\/01\/LakeLouiseNTT_selections2024Apr14RobWhelanPhoto-60-768x512.jpg 768w, https:\/\/casi-acms.com\/wp-content\/uploads\/2026\/01\/LakeLouiseNTT_selections2024Apr14RobWhelanPhoto-60-1536x1024.jpg 1536w, https:\/\/casi-acms.com\/wp-content\/uploads\/2026\/01\/LakeLouiseNTT_selections2024Apr14RobWhelanPhoto-60-2048x1365.jpg 2048w, https:\/\/casi-acms.com\/wp-content\/uploads\/2026\/01\/LakeLouiseNTT_selections2024Apr14RobWhelanPhoto-60-600x400.jpg 600w\" sizes=\"auto, (max-width: 1296px) 100vw, 1296px\" \/><span aria-hidden=\"true\" class=\"wp-block-cover__background has-black-background-color has-background-dim\"><\/span><div class=\"wp-block-cover__inner-container has-global-padding is-layout-constrained wp-block-cover-is-layout-constrained\">\n<h1 class=\"wp-block-heading has-text-align-center has-xxx-large-font-size\">DROPPING NEXT PODCAST<\/h1>\n\n\n\n<p class=\"has-text-align-center\" class=\"lede\">Le podcast Dropping Next est votre lien avec les membres et les histoires de l&#8217;Association canadienne des moniteurs de snowboard. Il vous permet de d\u00e9couvrir les coulisses de l&#8217;enseignement, de la pratique et de tout ce qui fait de cette association l&#8217;un des leaders \u00e0 l&#8217;\u00e9chelle mondiale dans l&#8217;enseignement du snowboard.<\/p>\n<\/div><\/div>\n\n\n\n<div style=\"height:50px\" aria-hidden=\"true\" class=\"wp-block-spacer\"><\/div>\n\n\n\n<div class=\"wp-block-group has-global-padding is-layout-constrained wp-block-group-is-layout-constrained\">\n<h2 class=\"wp-block-heading\">ANIMATEURS<\/h2>\n\n\n\n<div class=\"wp-block-columns is-layout-flex wp-container-core-columns-is-layout-28f84493 wp-block-columns-is-layout-flex\">\n<div class=\"wp-block-column is-layout-flow wp-block-column-is-layout-flow\">\n<figure class=\"wp-block-image size-medium is-style-rounded\"><img loading=\"lazy\" decoding=\"async\" width=\"636\" height=\"636\" src=\"https:\/\/casi-acms.com\/wp-content\/uploads\/2026\/01\/RobPodcastHeadshot-2-636x636.jpg\" alt=\"\" class=\"wp-image-23910\" srcset=\"https:\/\/casi-acms.com\/wp-content\/uploads\/2026\/01\/RobPodcastHeadshot-2-636x636.jpg 636w, https:\/\/casi-acms.com\/wp-content\/uploads\/2026\/01\/RobPodcastHeadshot-2-1296x1296.jpg 1296w, https:\/\/casi-acms.com\/wp-content\/uploads\/2026\/01\/RobPodcastHeadshot-2-160x160.jpg 160w, https:\/\/casi-acms.com\/wp-content\/uploads\/2026\/01\/RobPodcastHeadshot-2-768x768.jpg 768w, https:\/\/casi-acms.com\/wp-content\/uploads\/2026\/01\/RobPodcastHeadshot-2-1536x1536.jpg 1536w, https:\/\/casi-acms.com\/wp-content\/uploads\/2026\/01\/RobPodcastHeadshot-2-2048x2048.jpg 2048w, https:\/\/casi-acms.com\/wp-content\/uploads\/2026\/01\/RobPodcastHeadshot-2-300x300.jpg 300w, https:\/\/casi-acms.com\/wp-content\/uploads\/2026\/01\/RobPodcastHeadshot-2-600x600.jpg 600w, https:\/\/casi-acms.com\/wp-content\/uploads\/2026\/01\/RobPodcastHeadshot-2-100x100.jpg 100w\" sizes=\"auto, (max-width: 636px) 100vw, 636px\" \/><\/figure>\n\n\n\n<p class=\"has-text-align-center\"><strong>JEFF CHANDLER<\/strong><br>Directeur ex\u00e9cutif<\/p>\n<\/div>\n\n\n\n<div class=\"wp-block-column is-layout-flow wp-block-column-is-layout-flow\">\n<figure class=\"wp-block-image size-medium is-style-rounded\"><img loading=\"lazy\" decoding=\"async\" width=\"636\" height=\"636\" src=\"https:\/\/casi-acms.com\/wp-content\/uploads\/2026\/01\/RobPodcastHeadshot-1-1-636x636.jpg\" alt=\"\" class=\"wp-image-23909\" srcset=\"https:\/\/casi-acms.com\/wp-content\/uploads\/2026\/01\/RobPodcastHeadshot-1-1-636x636.jpg 636w, https:\/\/casi-acms.com\/wp-content\/uploads\/2026\/01\/RobPodcastHeadshot-1-1-1296x1296.jpg 1296w, https:\/\/casi-acms.com\/wp-content\/uploads\/2026\/01\/RobPodcastHeadshot-1-1-160x160.jpg 160w, https:\/\/casi-acms.com\/wp-content\/uploads\/2026\/01\/RobPodcastHeadshot-1-1-768x768.jpg 768w, https:\/\/casi-acms.com\/wp-content\/uploads\/2026\/01\/RobPodcastHeadshot-1-1-1536x1536.jpg 1536w, https:\/\/casi-acms.com\/wp-content\/uploads\/2026\/01\/RobPodcastHeadshot-1-1-2048x2048.jpg 2048w, https:\/\/casi-acms.com\/wp-content\/uploads\/2026\/01\/RobPodcastHeadshot-1-1-300x300.jpg 300w, https:\/\/casi-acms.com\/wp-content\/uploads\/2026\/01\/RobPodcastHeadshot-1-1-600x600.jpg 600w, https:\/\/casi-acms.com\/wp-content\/uploads\/2026\/01\/RobPodcastHeadshot-1-1-100x100.jpg 100w\" sizes=\"auto, (max-width: 636px) 100vw, 636px\" \/><\/figure>\n\n\n\n<p class=\"has-text-align-center\"><strong>GENEVI\u00c8VE PILOTTO<\/strong><br><em>Directrice de l&#8217;\u00e9ducation et des programmes&nbsp;<\/em><\/p>\n<\/div>\n\n\n\n<div class=\"wp-block-column is-layout-flow wp-block-column-is-layout-flow\">\n<figure class=\"wp-block-image size-full is-style-rounded\"><img loading=\"lazy\" decoding=\"async\" width=\"1286\" height=\"1286\" src=\"https:\/\/casi-acms.com\/wp-content\/uploads\/2026\/01\/RobPodcastHeadshot-1.jpg\" alt=\"\" class=\"wp-image-23906\" srcset=\"https:\/\/casi-acms.com\/wp-content\/uploads\/2026\/01\/RobPodcastHeadshot-1.jpg 1286w, https:\/\/casi-acms.com\/wp-content\/uploads\/2026\/01\/RobPodcastHeadshot-1-636x636.jpg 636w, https:\/\/casi-acms.com\/wp-content\/uploads\/2026\/01\/RobPodcastHeadshot-1-160x160.jpg 160w, https:\/\/casi-acms.com\/wp-content\/uploads\/2026\/01\/RobPodcastHeadshot-1-768x768.jpg 768w, https:\/\/casi-acms.com\/wp-content\/uploads\/2026\/01\/RobPodcastHeadshot-1-300x300.jpg 300w, https:\/\/casi-acms.com\/wp-content\/uploads\/2026\/01\/RobPodcastHeadshot-1-600x600.jpg 600w, https:\/\/casi-acms.com\/wp-content\/uploads\/2026\/01\/RobPodcastHeadshot-1-100x100.jpg 100w\" sizes=\"auto, (max-width: 1286px) 100vw, 1286px\" \/><\/figure>\n\n\n\n<p class=\"has-text-align-center\"><strong>ROB WHELAN<\/strong><br>Chef des communications et de l&#8217;engagement<\/p>\n<\/div>\n<\/div>\n\n\n\n<p>Le personnel du si\u00e8ge social, Jeff, Genevi\u00e8ve et Rob, sont les principaux animateurs de Dropping Next qui apparaissent individuellement ou en groupe dans chaque \u00e9pisode. Vous verrez r\u00e9guli\u00e8rement appara\u00eetre les gestionnaires des programmes ainsi que des riders inspirants parmi les membres. En tant que leaders du secteur ayant \u00e0 c\u0153ur la collaboration, nous souhaitons \u00e9galement inviter des personnes ext\u00e9rieures au monde du snowboard afin d&#8217;\u00e9largir notre perspective et l&#8217;\u00e9ventail des sujets abord\u00e9s.<\/p>\n\n\n\n<hr class=\"wp-block-separator has-alpha-channel-opacity\"\/>\n\n\n\n<h2 class=\"wp-block-heading\">\u00c9PISODES<\/h2>\n\n\n\n<details class=\"wp-block-details is-layout-flow wp-block-details-is-layout-flow\"><summary>\u00c9pisode 1 &#8211; Pr\u00e9sentation de Dropping Next : l&#8217;\u00e9mission, les animateurs, le programme !<\/summary>\n<p>Dans l&#8217;\u00e9pisode introductif, nous vous pr\u00e9sentons les principaux animateurs et vous exposons le programme du nouveau podcast. Au cours de cette conversation, Jeff Chandler, Genevi\u00e8ve Pilotto et Rob Whelan discutent de l&#8217;\u00e9volution de la communication au sein de l&#8217;organisation, soulignant l&#8217;importance de cr\u00e9er des liens avec les membres gr\u00e2ce \u00e0 une nouvelle initiative de podcast. Ils mettent en avant la qualit\u00e9 du contenu des stages et la n\u00e9cessit\u00e9 de transparence dans les processus d\u00e9cisionnels, dans le but de cr\u00e9er une ligne de communication plus directe avec les moniteurs de snowboard du monde entier.<\/p>\n\n\n\n<h3 class=\"wp-block-heading\">En r\u00e9sum\u00e9<\/h3>\n\n\n\n<ul class=\"wp-block-list\">\n<li>La qualit\u00e9 de nos communications est excellente.<\/li>\n\n\n\n<li>Ce podcast est la prochaine \u00e9tape dans notre strat\u00e9gie de communication.<\/li>\n\n\n\n<li>Nous sommes ravis de pouvoir entrer en contact avec les membres gr\u00e2ce \u00e0 ce projet.<\/li>\n\n\n\n<li>Ce podcast offre la possibilit\u00e9 d&#8217;une communication moins raffin\u00e9e.<\/li>\n\n\n\n<li>Nous avons de nombreuses personnalit\u00e9s \u00e0 exploiter comme ressources.<\/li>\n\n\n\n<li>L&#8217;objectif est d&#8217;aider les moniteurs de snowboard \u00e0 l&#8217;\u00e9chelle mondiale.<\/li>\n\n\n\n<li>Les commentaires des membres sont essentiels pour nous am\u00e9liorer.<\/li>\n<\/ul>\n\n\n\n<h3 class=\"wp-block-heading\">Lien vers l&#8217;\u00e9pisode<\/h3>\n\n\n\n<ul class=\"wp-block-list\">\n<li><a href=\"https:\/\/podcasts.apple.com\/ca\/podcast\/dropping-next-podcast\/id1867593486?i=1000745938344\" target=\"_blank\" rel=\"noreferrer noopener\">Apple<\/a><\/li>\n\n\n\n<li><a href=\"https:\/\/youtu.be\/r1u9SASMfk8\" target=\"_blank\" rel=\"noreferrer noopener\">YouTube<\/a><\/li>\n\n\n\n<li><a href=\"https:\/\/open.spotify.com\/episode\/2fWhZ6il4GXHbqojFc5Mp4?si=74FDxR6_SuiVYEn-4bZZfQ\" target=\"_blank\" rel=\"noreferrer noopener\">Spotify<\/a><\/li>\n<\/ul>\n<\/details>\n\n\n\n<details class=\"wp-block-details is-layout-flow wp-block-details-is-layout-flow\"><summary>\u00c9pisode 2 &#8211; Le nouvel \u00e2ge minimum pour le niveau 1 et faire carri\u00e8re dans le snowboard<\/summary>\n<p>Dans cet \u00e9pisode, les animateurs Rob Whelan, Jeff Chandler et Luc B\u00e9langer discutent des r\u00e9cents changements apport\u00e9s \u00e0 l\u2019\u00e2ge minimum requis pour obtenir la certification de niveau 1 en snowboard, d\u00e9sormais fix\u00e9 \u00e0 14 ans. Ils explorent les implications de ce changement, notamment les avantages de permettre \u00e0 des personnes plus jeunes d\u2019acc\u00e9der plus t\u00f4t \u00e0 la profession d\u2019enseignement. La conversation \u00e9volue vers les d\u00e9fis et les r\u00e9compenses li\u00e9s \u00e0 la poursuite d\u2019une carri\u00e8re dans le snowboard, en soulignant l\u2019importance des comp\u00e9tences relationnelles, du soutien de la communaut\u00e9 et de l\u2019engagement \u00e0 long terme n\u00e9cessaires pour r\u00e9ussir dans ce domaine. Les animateurs partagent des anecdotes personnelles et des conseils pratiques pour les aspirants moniteurs, soulignant l\u2019importance du mentorat et la valeur de l\u2019exp\u00e9rience dans l\u2019enseignement du snowboard.<\/p>\n\n\n\n<h3 class=\"wp-block-heading\">Lien vers l&#8217;\u00e9pisode<\/h3>\n\n\n\n<ul class=\"wp-block-list\">\n<li><a href=\"https:\/\/podcasts.apple.com\/us\/podcast\/episode-2-the-new-minimum-age-for-the-level-1\/id1867593486?i=1000747589347\" target=\"_blank\" rel=\"noreferrer noopener\">Apple<\/a><\/li>\n\n\n\n<li><a href=\"https:\/\/youtu.be\/HYGy8yJEFE4\" target=\"_blank\" rel=\"noreferrer noopener\">YouTube<\/a><\/li>\n\n\n\n<li><a href=\"https:\/\/open.spotify.com\/episode\/6uRDF9XAiuNi4PIqRmqEOh?si=Hp5RL_UHRbGoArZ-8G3fBQ\" target=\"_blank\" rel=\"noreferrer noopener\">Spotify<\/a><\/li>\n<\/ul>\n<\/details>\n\n\n\n<details class=\"wp-block-details is-layout-flow wp-block-details-is-layout-flow\"><summary>\u00c9pisode 3 &#8211; L&#8217;art d&#8217;apprendre : savourer le processus<\/summary>\n<p>Dans cet \u00e9pisode, Rob Whelan interviewe James Hyland, moniteur de snowboard passionn\u00e9 et gestionnaire des programmes de l&#8217;ACMS pour l&#8217;Ontario, le Manitoba et la Saskatchewan. Ils discutent de l&#8217;importance de prendre plaisir \u00e0 apprendre, de la valeur des \u00e9checs et des strat\u00e9gies efficaces pour se fixer des objectifs personnels et professionnels. James partage ses exp\u00e9riences et ses r\u00e9flexions sur la mani\u00e8re de relever les d\u00e9fis li\u00e9s \u00e0 l&#8217;obtention d&#8217;une certification et sur l&#8217;importance d&#8217;avoir une motivation claire derri\u00e8re ses objectifs. La conversation met l&#8217;accent sur le parcours d&#8217;apprentissage et l&#8217;importance du soutien de la communaut\u00e9 pour r\u00e9ussir.<\/p>\n\n\n\n<h3 class=\"wp-block-heading\">Lien vers l&#8217;\u00e9pisode<\/h3>\n\n\n\n<ul class=\"wp-block-list\">\n<li><a href=\"https:\/\/podcasts.apple.com\/us\/podcast\/the-art-of-learning-enjoying-the-process\/id1867593486?i=1000750319232\" target=\"_blank\" rel=\"noreferrer noopener\">Apple<\/a><\/li>\n\n\n\n<li><a href=\"https:\/\/youtu.be\/VvbAlPjGDgQ\" target=\"_blank\" rel=\"noreferrer noopener\">YouTube<\/a><\/li>\n\n\n\n<li><a href=\"https:\/\/open.spotify.com\/episode\/17pQzYaR7YWNaR8RGeghUu?si=b7VB0w_aT_OpLSphBxhpiw\" target=\"_blank\" rel=\"noreferrer noopener\">Spotify<\/a><\/li>\n<\/ul>\n<\/details>\n\n\n\n<details class=\"wp-block-details is-layout-flow wp-block-details-is-layout-flow\"><summary>\u00c9pisode 4 &#8211; La route vers Interski: Qu&#8217;est-ce que c&#8217;est et pourquoi y allons-nous ? <\/summary>\n<p>Jamie Forbes, membre de l&#8217;\u00e9quipe technique nationale, se joint aux animateurs Gen, Jeff et Rob pour discuter du prochain congr\u00e8s Interski, un rassemblement international des moniteurs de sports de glisse. Ils explorent l&#8217;importance d&#8217;Interski, son aspect communautaire et la valeur qu&#8217;il apporte aux membres de l&#8217;ACMS. La conversation comprend \u00e9galement des segments amusants et des aper\u00e7us de la planification et de la pr\u00e9paration de l&#8217;\u00e9v\u00e9nement qui aura lieu en avril 2027.<\/p>\n\n\n\n<h3 class=\"wp-block-heading\">Lien vers l&#8217;\u00e9pisode<\/h3>\n\n\n\n<ul class=\"wp-block-list\">\n<li><a href=\"https:\/\/podcasts.apple.com\/us\/podcast\/road-to-interski-what-is-it-and-why-do-we-go\/id1867593486?i=1000752376063&amp;itscg=30200&amp;itsct=podcast_box&amp;ls=1&amp;mttnsubad=1000752376063\">Apple<\/a><\/li>\n\n\n\n<li><a href=\"https:\/\/youtu.be\/GIMcVMl3oV4\" target=\"_blank\" rel=\"noreferrer noopener\">YouTube<\/a><\/li>\n\n\n\n<li><a href=\"https:\/\/open.spotify.com\/episode\/4urqt59PYJLciFt3i5LN1T?si=XswQpXJTQ-yj2x8ennyS1A\" target=\"_blank\" rel=\"noreferrer noopener\">Spotify<\/a><\/li>\n<\/ul>\n<\/details>\n\n\n\n<details class=\"wp-block-details is-layout-flow wp-block-details-is-layout-flow\"><summary>\u00c9pisode 5 &#8211; La joie du snowboard : une conversation avec Andy MacLean <\/summary>\n<p>Dans cet \u00e9pisode, les animateurs Jeff Chandler et Rob Whelan interviewent Andy MacLean, membre de l&#8217;ACMS depuis ses d\u00e9buts, intronis\u00e9 au Panth\u00e9on et directeur des op\u00e9rations \u00e0 Martock, en Nouvelle-\u00c9cosse. Ils \u00e9voquent la longue exp\u00e9rience d\u2019Andy dans le secteur du snowboard, la communaut\u00e9 dynamique des petites stations, ainsi que l\u2019\u00e9volution des techniques et de l\u2019\u00e9quipement de snowboard. La conversation met en avant l\u2019importance de cr\u00e9er un environnement accueillant pour les snowboarders et le r\u00f4le des initiatives locales dans la promotion de ce sport. Andy partage ses r\u00e9flexions sur l&#8217;\u00e9tat actuel du snowboard, sa carri\u00e8re forg\u00e9e \u00e0 Martock et l&#8217;avenir de ce sport.<\/p>\n\n\n\n<h3 class=\"wp-block-heading\">Lien vers l&#8217;\u00e9pisode<\/h3>\n\n\n\n<ul class=\"wp-block-list\">\n<li><a href=\"https:\/\/podcasts.apple.com\/us\/podcast\/the-joy-of-snowboarding-a-conversation-with-andy-maclean\/id1867593486?i=1000755165055&amp;itscg=30200&amp;itsct=podcast_box&amp;ls=1&amp;mttnsubad=1000755165055\" target=\"_blank\" rel=\"noreferrer noopener\">Apple<\/a><\/li>\n\n\n\n<li><a href=\"https:\/\/youtu.be\/AIlnxvETfG8\" target=\"_blank\" rel=\"noreferrer noopener\">YouTube<\/a><\/li>\n\n\n\n<li><a href=\"https:\/\/open.spotify.com\/episode\/4ESZOowNEe2CxwzhN6tEPB?si=LR_6PyrWRJmMZepxeI0_wQ\" target=\"_blank\" rel=\"noreferrer noopener\">Spotify<\/a><\/li>\n<\/ul>\n<\/details>\n\n\n\n<details class=\"wp-block-details is-layout-flow wp-block-details-is-layout-flow\"><summary>\u00c9pisode 6 &#8211; Haute performance, r\u00f4le parental et comment s&#8217;\u00e9panouir sur les petites collines avec Michelle Clifford<\/summary>\n<p>Rejoignez-nous pour une conversation inspirante avec Michelle Clifford, professionnelle de haut niveau en snowboard et en ski, passionn\u00e9e de sports de plein air et m\u00e8re d\u00e9vou\u00e9e. D\u00e9couvrez son parcours, ses certifications, la mani\u00e8re dont elle r\u00e9ussit \u00e0 concilier son r\u00f4le de m\u00e8re et ses activit\u00e9s sportives, ainsi que ses r\u00e9flexions sur l&#8217;entra\u00eenement, le mentorat et l&#8217;engagement communautaire.<\/p>\n\n\n\n<h3 class=\"wp-block-heading\">Lien vers l&#8217;\u00e9pisode<\/h3>\n\n\n\n<ul class=\"wp-block-list\">\n<li><a href=\"https:\/\/podcasts.apple.com\/us\/podcast\/high-performance-parenting-and-how-to-thrive-at-small\/id1867593486?i=1000758444312&amp;itscg=30200&amp;itsct=podcast_box&amp;ls=1&amp;mttnsubad=1000758444312\" target=\"_blank\" rel=\"noreferrer noopener\">Apple<\/a><\/li>\n\n\n\n<li><a href=\"https:\/\/youtu.be\/mLaehomAQl0\" target=\"_blank\" rel=\"noreferrer noopener\">YouTube<\/a><\/li>\n\n\n\n<li><a href=\"https:\/\/open.spotify.com\/episode\/0VyHfq2UVnblqkyLYjKw9h?si=ySx5BEKXS6245phw1qn8gw\" target=\"_blank\" rel=\"noreferrer noopener\">Spotify<\/a><\/li>\n<\/ul>\n<\/details>\n\n\n\n<details class=\"wp-block-details is-layout-flow wp-block-details-is-layout-flow\"><summary>\u00c9pisode 7 &#8211; Enseigner dans une deuxi\u00e8me langue et les comp\u00e9tences de communication<\/summary>\n<p>Pour notre tout premier \u00e9pisode en fran\u00e7ais, l&#8217;animatrice Genevi\u00e8ve Pilotto re\u00e7oit Luc B\u00e9langer et Manuela Olibera-Dorn ! Ils abordent les d\u00e9fis et les opportunit\u00e9s li\u00e9s \u00e0 l&#8217;enseignement et \u00e0 la formation dans une deuxi\u00e8me langue, en mettant l&#8217;accent sur la communication, le langage corporel et les strat\u00e9gies pratiques pour un enseignement efficace dans des contextes multilingues.<\/p>\n\n\n\n<h3 class=\"wp-block-heading\">Lien vers l&#8217;\u00e9pisode<\/h3>\n\n\n\n<ul class=\"wp-block-list\">\n<li><a href=\"https:\/\/podcasts.apple.com\/us\/podcast\/teaching-in-a-second-language-french-episode\/id1867593486?i=1000761232718&amp;itscg=30200&amp;itsct=podcast_box&amp;ls=1&amp;mttnsubad=1000761232718\" target=\"_blank\" rel=\"noreferrer noopener\">Apple<\/a><\/li>\n\n\n\n<li><a href=\"https:\/\/youtu.be\/8SMMGqLETNE\" target=\"_blank\" rel=\"noreferrer noopener\">YouTube<\/a><\/li>\n\n\n\n<li><a href=\"https:\/\/open.spotify.com\/episode\/4m8EfjKz8RqrELADEh6Ns3?si=K4pPzhexTvSlsT4xoWwfQg\" target=\"_blank\" rel=\"noreferrer noopener\">Spotify<\/a><\/li>\n<\/ul>\n<\/details>\n\n\n\n<details class=\"wp-block-details is-layout-flow wp-block-details-is-layout-flow\"><summary>\u00c9pisode 8 &#8211; Enseigner \u00e0 l&#8217;international avec Cody Ratcliffe<\/summary>\n<p>Rejoignez-nous pour \u00e9couter Cody Ratcliffe nous raconter son parcours international dans le snowboard, son exp\u00e9rience professionnelle en Chine et ailleurs, et nous faire part de ses r\u00e9flexions sur l&#8217;enseignement dans un contexte multiculturel, l&#8217;adaptation de la communication et la gestion de l&#8217;\u00e9quilibre entre les saisons internationales et nationales. Genevi\u00e8ve Pilotto partagera \u00e9galement sa vaste exp\u00e9rience de l&#8217;enseignement \u00e0 l&#8217;\u00e9tranger et abordera de nombreux aspects logistiques li\u00e9s \u00e0 la formation du personnel et \u00e0 la supervision globale du programme.<\/p>\n\n\n\n<h3 class=\"wp-block-heading\">Lien vers l&#8217;\u00e9pisode<\/h3>\n\n\n\n<ul class=\"wp-block-list\">\n<li>Apple<\/li>\n\n\n\n<li>YouTube<\/li>\n\n\n\n<li>Spotify<\/li>\n<\/ul>\n<\/details>\n\n\n\n<hr class=\"wp-block-separator has-alpha-channel-opacity\"\/>\n\n\n\n<h2 class=\"wp-block-heading\">Comment l&#8217;\u00e9couter<\/h2>\n\n\n\n<p>Retrouvez le podcast sur Apple, YouTube ou Spotify et inscrivez-vous pour \u00eatre le premier inform\u00e9 de la publication des nouveaux \u00e9pisodes.<\/p>\n\n\n\n<div class=\"wp-block-columns is-layout-flex wp-container-core-columns-is-layout-28f84493 wp-block-columns-is-layout-flex\">\n<div class=\"wp-block-column is-layout-flow wp-block-column-is-layout-flow\">\n<figure class=\"wp-block-image aligncenter size-thumbnail\"><a href=\"https:\/\/podcasts.apple.com\/us\/podcast\/dropping-next-podcast\/id1867593486\"><img loading=\"lazy\" decoding=\"async\" width=\"160\" height=\"160\" src=\"https:\/\/casi-acms.com\/wp-content\/uploads\/2026\/01\/Podcasts_iOS.svg-160x160.png\" alt=\"\" class=\"wp-image-23899\" srcset=\"https:\/\/casi-acms.com\/wp-content\/uploads\/2026\/01\/Podcasts_iOS.svg-160x160.png 160w, https:\/\/casi-acms.com\/wp-content\/uploads\/2026\/01\/Podcasts_iOS.svg-300x300.png 300w, https:\/\/casi-acms.com\/wp-content\/uploads\/2026\/01\/Podcasts_iOS.svg-100x100.png 100w, https:\/\/casi-acms.com\/wp-content\/uploads\/2026\/01\/Podcasts_iOS.svg.png 500w\" sizes=\"auto, (max-width: 160px) 100vw, 160px\" \/><\/a><\/figure>\n<\/div>\n\n\n\n<div class=\"wp-block-column is-layout-flow wp-block-column-is-layout-flow\">\n<figure class=\"wp-block-image aligncenter size-thumbnail\"><a href=\"https:\/\/open.spotify.com\/show\/5lZ9HjNpxPmQcMYV2VYev0?si=80a7de187c3848e9\" target=\"_blank\" rel=\" noreferrer noopener\"><img loading=\"lazy\" decoding=\"async\" width=\"160\" height=\"160\" src=\"https:\/\/casi-acms.com\/wp-content\/uploads\/2026\/01\/Spotify_Primary_Logo_RGB_Green-160x160.png\" alt=\"\" class=\"wp-image-23900\" srcset=\"https:\/\/casi-acms.com\/wp-content\/uploads\/2026\/01\/Spotify_Primary_Logo_RGB_Green-160x160.png 160w, https:\/\/casi-acms.com\/wp-content\/uploads\/2026\/01\/Spotify_Primary_Logo_RGB_Green-636x637.png 636w, https:\/\/casi-acms.com\/wp-content\/uploads\/2026\/01\/Spotify_Primary_Logo_RGB_Green-768x769.png 768w, https:\/\/casi-acms.com\/wp-content\/uploads\/2026\/01\/Spotify_Primary_Logo_RGB_Green-300x300.png 300w, https:\/\/casi-acms.com\/wp-content\/uploads\/2026\/01\/Spotify_Primary_Logo_RGB_Green-600x601.png 600w, https:\/\/casi-acms.com\/wp-content\/uploads\/2026\/01\/Spotify_Primary_Logo_RGB_Green-100x100.png 100w, https:\/\/casi-acms.com\/wp-content\/uploads\/2026\/01\/Spotify_Primary_Logo_RGB_Green.png 939w\" sizes=\"auto, (max-width: 160px) 100vw, 160px\" \/><\/a><\/figure>\n<\/div>\n\n\n\n<div class=\"wp-block-column is-layout-flow wp-block-column-is-layout-flow\">\n<figure class=\"wp-block-image aligncenter size-thumbnail\"><a href=\"https:\/\/www.youtube.com\/playlist?list=PLmEEFeEzgr60d9A6Kg_MslKCJPc_sJAG_\" target=\"_blank\" rel=\" noreferrer noopener\"><img loading=\"lazy\" decoding=\"async\" width=\"160\" height=\"160\" src=\"https:\/\/casi-acms.com\/wp-content\/uploads\/2026\/01\/images-160x160.png\" alt=\"\" class=\"wp-image-23901\" srcset=\"https:\/\/casi-acms.com\/wp-content\/uploads\/2026\/01\/images-160x160.png 160w, https:\/\/casi-acms.com\/wp-content\/uploads\/2026\/01\/images-100x100.png 100w, https:\/\/casi-acms.com\/wp-content\/uploads\/2026\/01\/images.png 225w\" sizes=\"auto, (max-width: 160px) 100vw, 160px\" \/><\/a><\/figure>\n<\/div>\n<\/div>\n\n\n\n<hr class=\"wp-block-separator has-alpha-channel-opacity is-style-wide\"\/>\n\n\n\n<h2 class=\"wp-block-heading\">contactez-nous<\/h2>\n\n\n\n<p>Ce podcast est consacr\u00e9 aux personnes, aux sujets et au partage de l&#8217;enthousiasme qui caract\u00e9rise l&#8217;esprit de notre association. N&#8217;h\u00e9sitez pas \u00e0 nous faire part de vos suggestions de sujets ou d&#8217;invit\u00e9s, de vos commentaires ou de vos r\u00e9actions \u00e0 propos de l&#8217;\u00e9mission.<\/p>\n\n\n\n<p>Envoyez un courriel \u00e0 <a href=\"mailto:podcast@casi-acms.com\">podcast@casi-acms.com<\/a> et nous utiliserons vos commentaires pour d\u00e9velopper ce projet ensemble !<\/p>\n\n\n\n<div style=\"height:50px\" aria-hidden=\"true\" class=\"wp-block-spacer\"><\/div>\n<\/div>\n","protected":false},"excerpt":{"rendered":"<p>Le podcast Dropping Next est votre lien avec les membres et les histoires de l&#8217;Association canadienne des moniteurs de snowboard. Il vous permet de d\u00e9couvrir les coulisses de l&#8217;enseignement, de la pratique et de tout ce qui fait de cette association l&#8217;un des leaders \u00e0 l&#8217;\u00e9chelle mondiale dans l&#8217;enseignement du snowboard. JEFF CHANDLERDirecteur ex\u00e9cutif GENEVI\u00c8VE&hellip;<\/p>\n","protected":false},"author":19,"featured_media":0,"parent":0,"menu_order":0,"comment_status":"closed","ping_status":"closed","template":"","meta":{"_acf_changed":false,"advanced_seo_description":"","jetpack_seo_html_title":"","jetpack_seo_noindex":false,"footnotes":""},"class_list":["post-23924","page","type-page","status-publish","hentry"],"acf":[],"jetpack_sharing_enabled":true,"_links":{"self":[{"href":"https:\/\/casi-acms.com\/fr\/wp-json\/wp\/v2\/pages\/23924","targetHints":{"allow":["GET"]}}],"collection":[{"href":"https:\/\/casi-acms.com\/fr\/wp-json\/wp\/v2\/pages"}],"about":[{"href":"https:\/\/casi-acms.com\/fr\/wp-json\/wp\/v2\/types\/page"}],"author":[{"embeddable":true,"href":"https:\/\/casi-acms.com\/fr\/wp-json\/wp\/v2\/users\/19"}],"replies":[{"embeddable":true,"href":"https:\/\/casi-acms.com\/fr\/wp-json\/wp\/v2\/comments?post=23924"}],"version-history":[{"count":17,"href":"https:\/\/casi-acms.com\/fr\/wp-json\/wp\/v2\/pages\/23924\/revisions"}],"predecessor-version":[{"id":24276,"href":"https:\/\/casi-acms.com\/fr\/wp-json\/wp\/v2\/pages\/23924\/revisions\/24276"}],"wp:attachment":[{"href":"https:\/\/casi-acms.com\/fr\/wp-json\/wp\/v2\/media?parent=23924"}],"curies":[{"name":"wp","href":"https:\/\/api.w.org\/{rel}","templated":true}]}}