{"id":23495,"date":"2025-11-03T08:28:51","date_gmt":"2025-11-03T16:28:51","guid":{"rendered":"https:\/\/casi-acms.com\/fonds-premieres-traces\/"},"modified":"2026-01-05T13:10:29","modified_gmt":"2026-01-05T21:10:29","slug":"fonds-premieres-traces","status":"publish","type":"page","link":"https:\/\/casi-acms.com\/fr\/fonds-premieres-traces\/","title":{"rendered":"Fonds Premi\u00e8res Traces"},"content":{"rendered":"\n<div class=\"wp-block-cover alignfull\" style=\"padding-top:var(--wp--preset--spacing--xx-large);padding-bottom:var(--wp--preset--spacing--xx-large)\"><img loading=\"lazy\" decoding=\"async\" width=\"1900\" height=\"1267\" class=\"wp-block-cover__image-background wp-image-18767\" alt=\"\" src=\"https:\/\/casi-acms.com\/wp-content\/uploads\/2023\/12\/team-chairlift.jpg\" data-object-fit=\"cover\" srcset=\"https:\/\/casi-acms.com\/wp-content\/uploads\/2023\/12\/team-chairlift.jpg 1900w, https:\/\/casi-acms.com\/wp-content\/uploads\/2023\/12\/team-chairlift-636x424.jpg 636w, https:\/\/casi-acms.com\/wp-content\/uploads\/2023\/12\/team-chairlift-1296x864.jpg 1296w, https:\/\/casi-acms.com\/wp-content\/uploads\/2023\/12\/team-chairlift-768x512.jpg 768w, https:\/\/casi-acms.com\/wp-content\/uploads\/2023\/12\/team-chairlift-1536x1024.jpg 1536w, https:\/\/casi-acms.com\/wp-content\/uploads\/2023\/12\/team-chairlift-600x400.jpg 600w\" sizes=\"auto, (max-width: 1900px) 100vw, 1900px\" \/><span aria-hidden=\"true\" class=\"wp-block-cover__background has-black-background-color has-background-dim-80 has-background-dim\"><\/span><div class=\"wp-block-cover__inner-container has-global-padding is-layout-constrained wp-block-cover-is-layout-constrained\">\n<div class=\"wp-block-group aos-animate data-aos_fade-up has-global-padding is-layout-constrained wp-block-group-is-layout-constrained\">\n<figure class=\"wp-block-image aligncenter size-full is-resized\"><img decoding=\"async\" src=\"https:\/\/casi-acms.com\/wp-content\/uploads\/2025\/12\/FTF_Logo_WhiteTrans.png\" alt=\"\" class=\"wp-image-23763\" style=\"width:296px;height:auto\"\/><\/figure>\n\n\n\n<p class=\"has-text-align-center has-medium-font-size\" class=\"lede\">Un fonds de dotation d\u00e9di\u00e9 \u00e0 l\u2019octroi d\u2019un financement annuel durable pour des initiatives, des projets et des personnes qui s\u2019alignent avec la mission et la vision de l\u2019Association canadienne des moniteurs de snowboard.<\/p>\n<\/div>\n<\/div><\/div>\n\n\n\n<div style=\"height:47px\" aria-hidden=\"true\" class=\"wp-block-spacer\"><\/div>\n\n\n\n<div class=\"wp-block-group has-global-padding is-layout-constrained wp-block-group-is-layout-constrained\">\n<div class=\"wp-block-columns is-layout-flex wp-container-core-columns-is-layout-28f84493 wp-block-columns-is-layout-flex\">\n<div class=\"wp-block-column is-layout-flow wp-block-column-is-layout-flow\">\n<h2 class=\"wp-block-heading has-text-align-center\"><strong>MISSION<\/strong><\/h2>\n\n\n\n<figure class=\"wp-block-image aligncenter size-full is-resized\"><img loading=\"lazy\" decoding=\"async\" width=\"530\" height=\"386\" src=\"https:\/\/casi-acms.com\/wp-content\/uploads\/2025\/11\/CASI-logo2.png\" alt=\"\" class=\"wp-image-23456\" style=\"width:58px;height:auto\"\/><\/figure>\n\n\n\n<p class=\"has-text-align-center\">Promouvoir le meilleur enseignement du snowboard \u00e0 l\u2019\u00e9chelle mondiale.<\/p>\n<\/div>\n\n\n\n<div class=\"wp-block-column is-layout-flow wp-block-column-is-layout-flow\">\n<h2 class=\"wp-block-heading has-text-align-center\"><strong>VISION<\/strong><\/h2>\n\n\n\n<figure class=\"wp-block-image aligncenter size-full is-resized\"><img loading=\"lazy\" decoding=\"async\" width=\"530\" height=\"386\" src=\"https:\/\/casi-acms.com\/wp-content\/uploads\/2025\/11\/CASI-logo2.png\" alt=\"\" class=\"wp-image-23456\" style=\"width:58px;height:auto\"\/><\/figure>\n\n\n\n<p class=\"has-text-align-center\">\u00catre le chef de file\nmondial de la\nformation, de\nl\u2019innovation et du\nperfectionnement\nprofessionnel des\nmoniteurs de\nsnowboard qui sont\nsynonymes d\u2019une\nindustrie des sports\nde neige prosp\u00e8re,\ndiversifi\u00e9e et\naccessible.<\/p>\n<\/div>\n<\/div>\n\n\n\n<p><em><strong>Le Fonds vise \u00e0<\/strong><\/em> &#8211;<\/p>\n\n\n\n<ul class=\"wp-block-list\">\n<li>Am\u00e9liorer les liens de l\u2019ACMS avec l\u2019industrie des sports de neige gr\u00e2ce \u00e0 des partenariats et \u00e0 la mobilisation.<\/li>\n\n\n\n<li>Offrir du soutien aux groupes d\u2019intervenants qui se consacrent \u00e0 rendre l\u2019activit\u00e9 du snowboard, et, par extension, l\u2019enseignement du snowboard, accessible.<\/li>\n\n\n\n<li>Multiplier les occasions d\u2019appuyer les membres de l\u2019ACMS et les moniteurs de snowboard en g\u00e9n\u00e9ral.<\/li>\n<\/ul>\n\n\n\n<h2 class=\"wp-block-heading\">Principes directeurs<\/h2>\n\n\n\n<div class=\"wp-block-columns is-layout-flex wp-container-core-columns-is-layout-28f84493 wp-block-columns-is-layout-flex\">\n<div class=\"wp-block-column has-lightgrey-background-color has-background is-layout-flow wp-block-column-is-layout-flow\" style=\"padding-top:var(--wp--preset--spacing--medium);padding-right:var(--wp--preset--spacing--medium);padding-bottom:var(--wp--preset--spacing--medium);padding-left:var(--wp--preset--spacing--medium)\">\n<details class=\"wp-block-details is-layout-flow wp-block-details-is-layout-flow\"><summary>Harmonisation avec la mission<\/summary>\n<p>Tous les d\u00e9caissements doivent cadrer avec la mission de l\u2019ACMS qui consiste \u00e0 promouvoir l\u2019enseignement du snowboard, le perfectionnement des membres et la durabilit\u00e9 de l\u2019industrie.<\/p>\n<\/details>\n<\/div>\n\n\n\n<div class=\"wp-block-column has-lightgrey-background-color has-background is-layout-flow wp-block-column-is-layout-flow\" style=\"padding-top:var(--wp--preset--spacing--medium);padding-right:var(--wp--preset--spacing--medium);padding-bottom:var(--wp--preset--spacing--medium);padding-left:var(--wp--preset--spacing--medium)\">\n<details class=\"wp-block-details is-layout-flow wp-block-details-is-layout-flow\"><summary>Transparence + responsabilit\u00e9<\/summary>\n<p>Des registres et des rapports annuels pr\u00e9cis seront tenus \u00e0 jour et partag\u00e9s avec les membres et les intervenants.<\/p>\n<\/details>\n<\/div>\n<\/div>\n\n\n\n<div class=\"wp-block-columns is-layout-flex wp-container-core-columns-is-layout-28f84493 wp-block-columns-is-layout-flex\">\n<div class=\"wp-block-column has-lightgrey-background-color has-background is-layout-flow wp-block-column-is-layout-flow\" style=\"padding-top:var(--wp--preset--spacing--medium);padding-right:var(--wp--preset--spacing--medium);padding-bottom:var(--wp--preset--spacing--medium);padding-left:var(--wp--preset--spacing--medium)\">\n<details class=\"wp-block-details is-layout-flow wp-block-details-is-layout-flow\"><summary>G\u00e9rance financi\u00e8re<\/summary>\n<p>Le Fonds doit \u00eatre investi prudemment afin de pr\u00e9server le capital tout en g\u00e9n\u00e9rant un rendement pr\u00e9visible.<\/p>\n<\/details>\n<\/div>\n\n\n\n<div class=\"wp-block-column has-lightgrey-background-color has-background is-layout-flow wp-block-column-is-layout-flow\" style=\"padding-top:var(--wp--preset--spacing--medium);padding-right:var(--wp--preset--spacing--medium);padding-bottom:var(--wp--preset--spacing--medium);padding-left:var(--wp--preset--spacing--medium)\">\n<details class=\"wp-block-details is-layout-flow wp-block-details-is-layout-flow\"><summary>\u00c9quit\u00e9 + inclusion<\/summary>\n<p>Les d\u00e9caissements prioriseront l\u2019accessibilit\u00e9 et les avantages globaux pour la communaut\u00e9 du snowboard.<\/p>\n<\/details>\n<\/div>\n<\/div>\n\n\n\n<h2 class=\"wp-block-heading\">Domaines d\u2019int\u00e9r\u00eat<\/h2>\n\n\n\n<ul class=\"wp-block-list\">\n<li>Subventions ou bourses d\u2019\u00e9tudes pour la formation ou la certification des moniteurs.<\/li>\n\n\n\n<li>Initiatives dirig\u00e9es par les Autochtones ou auxquelles ces derniers participent.<\/li>\n\n\n\n<li>Programmes et initiatives favorisant l\u2019avancement des femmes au sein de l\u2019industrie du snowboard.<\/li>\n\n\n\n<li>Sensibilisation \u00e0 l\u2019environnement et aux changements climatiques.<\/li>\n\n\n\n<li>Soutien aux membres et aux \u00e9valuateurs en cas de blessure ou de perte de revenu.<\/li>\n\n\n\n<li>Autres initiatives cadrant avec la mission de l\u2019ACMS.<\/li>\n<\/ul>\n\n\n\n<h2 class=\"wp-block-heading\">Document de Politique<\/h2>\n\n\n\n<p>Pour en savoir plus sur la port\u00e9e globale du Fonds Premi\u00e8res Traces, notamment sur sa structure de gouvernance, sa gestion financi\u00e8re et ses investissements, ses limites, ses obligations en mati\u00e8re de rapports et de responsabilit\u00e9, veuillez consulter le <a href=\"https:\/\/casi-acms.com\/wp-content\/uploads\/2026\/01\/Legacy-Fund-Policy-Document-2025-FINAL-V2-FR.pdf\" target=\"_blank\" rel=\"noreferrer noopener\">document de politique officiel<\/a> du Fonds Premi\u00e8res Traces.<\/p>\n<\/div>\n\n\n\n<div style=\"height:50px\" aria-hidden=\"true\" class=\"wp-block-spacer\"><\/div>\n\n\n\n<div class=\"wp-block-cover is-light\"><span aria-hidden=\"true\" class=\"wp-block-cover__background has-blue-background-color has-background-dim-100 has-background-dim\"><\/span><div class=\"wp-block-cover__inner-container has-global-padding is-layout-constrained wp-block-cover-is-layout-constrained\">\n<h2 class=\"wp-block-heading has-text-align-center\">Comment postuler<\/h2>\n\n\n\n<p class=\"has-text-align-center\">Les candidatures au Fonds Premi\u00e8res traces sont accept\u00e9es via le bouton ci-dessous et \u00e9valu\u00e9es en fonction de leur alignement sur la mission, de leur impact, de leur faisabilit\u00e9 et de leur inclusivit\u00e9. Les dates limites de d\u00e9p\u00f4t des candidatures sont fix\u00e9es quatre fois par an, le premier jour des mois de mai, octobre, d\u00e9cembre et f\u00e9vrier.<\/p>\n\n\n\n<div class=\"wp-block-buttons is-content-justification-center is-layout-flex wp-container-core-buttons-is-layout-a89b3969 wp-block-buttons-is-layout-flex\">\n<div class=\"wp-block-button\"><a class=\"wp-block-button__link has-text-align-center wp-element-button\" href=\"https:\/\/submit.jotform.com\/252887858283073\" target=\"_blank\" rel=\"noreferrer noopener\">postulez ici<\/a><\/div>\n<\/div>\n<\/div><\/div>\n\n\n\n<div style=\"height:50px\" aria-hidden=\"true\" class=\"wp-block-spacer\"><\/div>\n\n\n\n<div class=\"wp-block-group has-global-padding is-layout-constrained wp-block-group-is-layout-constrained\">\n<h2 class=\"wp-block-heading\">Organisations soutenues<\/h2>\n\n\n\n<p>Pour la saison 2025-2026, nous avons offert notre soutien aux trois organisations suivantes.<\/p>\n\n\n\r\n\r\n<div class=\"logos-block logo-animated-slider  \">\r\n    <div class=\"logo-slider-row\">\r\n                    <div class=\"logos animation\">\r\n                                                <div class=\"logo\">\r\n                                            <a href=\"https:\/\/indigenouswomenoutdoors.ca\/\" target=\"_blank\">\r\n                                                                <img decoding=\"async\" src=\"https:\/\/casi-acms.com\/wp-content\/uploads\/2025\/10\/indigenous-women-outdoors-logo-horz-600x250-1.png\" alt=\"\">\r\n                                                                <\/a>\r\n                                    <\/div>\r\n                                                <div class=\"logo\">\r\n                                            <a href=\"https:\/\/www.routestorootz.com\/\" target=\"_blank\">\r\n                                                                <img decoding=\"async\" src=\"https:\/\/casi-acms.com\/wp-content\/uploads\/2025\/10\/0.png\" alt=\"\">\r\n                                                                <\/a>\r\n                                    <\/div>\r\n                                                <div class=\"logo\">\r\n                                            <a href=\"https:\/\/www.whistlerblackcomb.com\/\" target=\"_blank\">\r\n                                                                <img decoding=\"async\" src=\"https:\/\/casi-acms.com\/wp-content\/uploads\/2025\/10\/pr-whistlerlogo-nov15.jpg\" alt=\"\">\r\n                                                                <\/a>\r\n                                    <\/div>\r\n                            <\/div>\r\n            <\/div>\r\n<\/div>\r\n\r\n\r\n\r\n\r\n    \r\n    \r\n<\/div>\n\n\n\n<div style=\"height:50px\" aria-hidden=\"true\" class=\"wp-block-spacer\"><\/div>\n","protected":false},"excerpt":{"rendered":"<p>Un fonds de dotation d\u00e9di\u00e9 \u00e0 l\u2019octroi d\u2019un financement annuel durable pour des initiatives, des projets et des personnes qui s\u2019alignent avec la mission et la vision de l\u2019Association canadienne des moniteurs de snowboard. Promouvoir le meilleur enseignement du snowboard \u00e0 l\u2019\u00e9chelle mondiale. \u00catre le chef de file mondial de la formation, de l\u2019innovation et&hellip;<\/p>\n","protected":false},"author":19,"featured_media":0,"parent":0,"menu_order":0,"comment_status":"closed","ping_status":"closed","template":"","meta":{"_acf_changed":false,"advanced_seo_description":"","jetpack_seo_html_title":"","jetpack_seo_noindex":false,"footnotes":""},"class_list":["post-23495","page","type-page","status-publish","hentry"],"acf":[],"jetpack_sharing_enabled":true,"_links":{"self":[{"href":"https:\/\/casi-acms.com\/fr\/wp-json\/wp\/v2\/pages\/23495","targetHints":{"allow":["GET"]}}],"collection":[{"href":"https:\/\/casi-acms.com\/fr\/wp-json\/wp\/v2\/pages"}],"about":[{"href":"https:\/\/casi-acms.com\/fr\/wp-json\/wp\/v2\/types\/page"}],"author":[{"embeddable":true,"href":"https:\/\/casi-acms.com\/fr\/wp-json\/wp\/v2\/users\/19"}],"replies":[{"embeddable":true,"href":"https:\/\/casi-acms.com\/fr\/wp-json\/wp\/v2\/comments?post=23495"}],"version-history":[{"count":16,"href":"https:\/\/casi-acms.com\/fr\/wp-json\/wp\/v2\/pages\/23495\/revisions"}],"predecessor-version":[{"id":23833,"href":"https:\/\/casi-acms.com\/fr\/wp-json\/wp\/v2\/pages\/23495\/revisions\/23833"}],"wp:attachment":[{"href":"https:\/\/casi-acms.com\/fr\/wp-json\/wp\/v2\/media?parent=23495"}],"curies":[{"name":"wp","href":"https:\/\/api.w.org\/{rel}","templated":true}]}}