{"id":22627,"date":"2025-07-25T08:34:19","date_gmt":"2025-07-25T15:34:19","guid":{"rendered":"https:\/\/casi-acms.com\/felicitations\/"},"modified":"2025-12-16T07:36:35","modified_gmt":"2025-12-16T15:36:35","slug":"felicitations","status":"publish","type":"page","link":"https:\/\/casi-acms.com\/fr\/felicitations\/","title":{"rendered":"F\u00e9licitations"},"content":{"rendered":"\n<div class=\"wp-block-cover alignfull\" style=\"padding-top:var(--wp--preset--spacing--xx-large);padding-bottom:var(--wp--preset--spacing--xx-large)\"><img loading=\"lazy\" decoding=\"async\" width=\"1900\" height=\"1267\" class=\"wp-block-cover__image-background wp-image-18767\" alt=\"\" src=\"https:\/\/casi-acms.com\/wp-content\/uploads\/2023\/12\/team-chairlift.jpg\" data-object-fit=\"cover\" srcset=\"https:\/\/casi-acms.com\/wp-content\/uploads\/2023\/12\/team-chairlift.jpg 1900w, https:\/\/casi-acms.com\/wp-content\/uploads\/2023\/12\/team-chairlift-636x424.jpg 636w, https:\/\/casi-acms.com\/wp-content\/uploads\/2023\/12\/team-chairlift-1296x864.jpg 1296w, https:\/\/casi-acms.com\/wp-content\/uploads\/2023\/12\/team-chairlift-768x512.jpg 768w, https:\/\/casi-acms.com\/wp-content\/uploads\/2023\/12\/team-chairlift-1536x1024.jpg 1536w, https:\/\/casi-acms.com\/wp-content\/uploads\/2023\/12\/team-chairlift-600x400.jpg 600w\" sizes=\"auto, (max-width: 1900px) 100vw, 1900px\" \/><span aria-hidden=\"true\" class=\"wp-block-cover__background has-black-background-color has-background-dim-80 has-background-dim\"><\/span><div class=\"wp-block-cover__inner-container has-global-padding is-layout-constrained wp-block-cover-is-layout-constrained\">\n<div class=\"wp-block-group aos-animate data-aos_fade-up has-global-padding is-layout-constrained wp-block-group-is-layout-constrained\">\n<h1 class=\"wp-block-heading has-text-align-center\">F\u00e9licitations<\/h1>\n\n\n\n<p class=\"has-text-align-center has-medium-font-size\" class=\"lede\">F\u00e9licitations pour votre r\u00e9cente r\u00e9ussite d\u2019une certification CASI-ACMS! Que vous veniez tout juste d\u2019obtenir votre Niveau 1 ou que vous ayez ajout\u00e9 une nouvelle certification \u00e0 votre parcours, nous sommes ravis de souligner votre progression et votre engagement envers l\u2019Association Canadienne des Moniteurs de Snowboard.<\/p>\n<\/div>\n<\/div><\/div>\n\n\n\n<div style=\"height:43px\" aria-hidden=\"true\" class=\"wp-block-spacer\"><\/div>\n\n\n\n<div class=\"wp-block-group has-global-padding is-layout-constrained wp-block-group-is-layout-constrained\">\n<h2 class=\"wp-block-heading\"><strong><b>Bienvenue \u00e0 <\/b>L&#8217;ACMS!<\/strong><\/h2>\n\n\n\n<p><span style=\"font-weight: 400;\">En tant que membre, tu fais partie d\u2019une communaut\u00e9 passionn\u00e9e et solidaire de riders et d\u2019\u00e9ducateurs qui partagent un m\u00eame objectif :<\/span> <span data-olk-copy-source=\"MessageBody\"><strong>promouvoir le meilleur enseignement du snowboard \u00e0 l\u2019\u00e9chelle mondiale<\/strong>.<\/span><\/p>\n\n\n\n<p>Que tu sois ici pour commencer ton parcours comme moniteur ou pour perfectionner tes habilet\u00e9s et obtenir de nouvelles certifications, tu fais partie d\u2019un r\u00e9seau international d\u00e9di\u00e9 \u00e0 l\u2019excellence, \u00e0 la progression et \u00e0 l\u2019esprit du snowboard. <\/p>\n\n\n\n<p>Gr\u00e2ce \u00e0 CASI-ACMS, tu auras acc\u00e8s \u00e0 des formations de calibre international, \u00e0 des occasions de d\u00e9veloppement professionnel et \u00e0 une gang de passionn\u00e9s qui croient que l\u2019enseignement du snowboard, c\u2019est bien plus que de la technique \u2014 c\u2019est partager le plaisir, la libert\u00e9 et la connexion qu\u2019on ressent \u00e0 chaque descente.<\/p>\n\n\n\n<p>On t\u2019invite \u00e0 explorer tout ce que ton adh\u00e9sion t\u2019offre. Des stages et des \u00e9v\u00e9nements aux ressources p\u00e9dagogiques et au mentorat, on est l\u00e0 pour te soutenir \u00e0 chaque virage de ton parcours.<\/p>\n\n\n\n<figure class=\"wp-block-embed is-type-video is-provider-youtube wp-block-embed-youtube wp-embed-aspect-16-9 wp-has-aspect-ratio\"><div class=\"wp-block-embed__wrapper\">\n<iframe loading=\"lazy\" title=\"Congrats-Felicitations\" width=\"500\" height=\"281\" src=\"https:\/\/www.youtube.com\/embed\/dupKOB28mV0?feature=oembed\" frameborder=\"0\" allow=\"accelerometer; autoplay; clipboard-write; encrypted-media; gyroscope; picture-in-picture; web-share\" referrerpolicy=\"strict-origin-when-cross-origin\" allowfullscreen><\/iframe>\n<\/div><\/figure>\n\n\n\n<hr class=\"wp-block-separator has-alpha-channel-opacity\"\/>\n\n\n\n<h2 class=\"wp-block-heading\">Les avantages de ton adh\u00e9sion<\/h2>\n\n\n\n<p>En tant que membre de CASI-ACMS, tu profites d\u2019une foule d\u2019outils et d\u2019occasions con\u00e7us pour t\u2019aider \u00e0 r\u00e9ussir comme moniteur de snowboard \u2014 sur la montagne comme en dehors. Voici ce qui t\u2019attend :<\/p>\n\n\n\n<div class=\"wp-block-columns is-layout-flex wp-container-core-columns-is-layout-28f84493 wp-block-columns-is-layout-flex\">\n<div class=\"wp-block-column has-blue-background-color has-background is-layout-flow wp-block-column-is-layout-flow\" style=\"padding-top:var(--wp--preset--spacing--medium);padding-right:var(--wp--preset--spacing--medium);padding-bottom:var(--wp--preset--spacing--medium);padding-left:var(--wp--preset--spacing--medium)\">\n<details class=\"wp-block-details is-layout-flow wp-block-details-is-layout-flow\"><summary><b>Rabais pros et partenaires affili\u00e9s<\/b><\/summary>\n<ul class=\"wp-block-list\">\n<li>Rabais sur l\u2019\u00e9quipement, les v\u00eatements, les accessoires et plus encore gr\u00e2ce aux partenaires officiels de L\u2019ACMS.<\/li>\n\n\n\n<li>\u00c9conomies sur les voyages de neige, les assurances et les services pens\u00e9s pour les moniteurs (trices).<\/li>\n\n\n\n<li>Rabais sur les adh\u00e9sions aupr\u00e8s de nos partenaires de l\u2019industrie comme l\u2019AMSC, le GSMBC, CADS, etc.<\/li>\n<\/ul>\n<\/details>\n<\/div>\n\n\n\n<div class=\"wp-block-column has-blue-background-color has-background is-layout-flow wp-block-column-is-layout-flow\" style=\"padding-top:var(--wp--preset--spacing--medium);padding-right:var(--wp--preset--spacing--medium);padding-bottom:var(--wp--preset--spacing--medium);padding-left:var(--wp--preset--spacing--medium)\">\n<details class=\"wp-block-details is-layout-flow wp-block-details-is-layout-flow\"><summary><b>Programmes de d\u00e9veloppement et certifications<\/b><\/summary>\n<ul class=\"wp-block-list\">\n<li>Acc\u00e8s \u00e0 des programmes de certification reconnus \u00e0 l\u2019\u00e9chelle nationale et internationale (Niveaux 1 \u00e0 4, Moniteur (trice) de parc, Moniteur (trice) de carving, et plus encore).<\/li>\n\n\n\n<li>D\u00e9veloppement continu gr\u00e2ce \u00e0 des sessions de perfectionnement, des stages de mise \u00e0 jour et des ressources p\u00e9dagogiques.<\/li>\n\n\n\n<li>Profite de ta Session membre gratuite : une journ\u00e9e compl\u00e8te d\u2019entra\u00eenement avec un \u00e9valuateur de l&#8217;ACMS exp\u00e9riment\u00e9 \u2014 pas d\u2019examen, juste du fun et de la progression!<\/li>\n<\/ul>\n<\/details>\n<\/div>\n\n\n\n<div class=\"wp-block-column has-blue-background-color has-background is-layout-flow wp-block-column-is-layout-flow\" style=\"padding-top:var(--wp--preset--spacing--medium);padding-right:var(--wp--preset--spacing--medium);padding-bottom:var(--wp--preset--spacing--medium);padding-left:var(--wp--preset--spacing--medium)\">\n<details class=\"wp-block-details is-layout-flow wp-block-details-is-layout-flow\"><summary><b>Reconnaissance nationale et internationale<\/b><\/summary>\n<ul class=\"wp-block-list\">\n<li>Ta certification CASI-ACMS est reconnue dans les stations de ski partout dans le monde et respecte les standards internationaux de l\u2019ISIA (International Ski Instructors Association).<\/li>\n<\/ul>\n<\/details>\n<\/div>\n<\/div>\n\n\n\n<div class=\"wp-block-columns is-layout-flex wp-container-core-columns-is-layout-28f84493 wp-block-columns-is-layout-flex\">\n<div class=\"wp-block-column has-blue-background-color has-background is-layout-flow wp-block-column-is-layout-flow\" style=\"padding-top:var(--wp--preset--spacing--medium);padding-right:var(--wp--preset--spacing--medium);padding-bottom:var(--wp--preset--spacing--medium);padding-left:var(--wp--preset--spacing--medium)\">\n<details class=\"wp-block-details is-layout-flow wp-block-details-is-layout-flow\"><summary><b>Babillard d\u2019emplois<\/b><\/summary>\n<ul class=\"wp-block-list\">\n<li>Un babillard d\u2019emplois d\u00e9di\u00e9 pour trouver des opportunit\u00e9s d\u2019enseignement du snowboard au Canada et \u00e0 l\u2019\u00e9tranger.<\/li>\n\n\n\n<li>Offres en station, postes saisonniers et emplois \u00e0 l\u2019ann\u00e9e pour faire avancer ta carri\u00e8re.<\/li>\n<\/ul>\n<\/details>\n<\/div>\n\n\n\n<div class=\"wp-block-column has-blue-background-color has-background is-layout-flow wp-block-column-is-layout-flow\" style=\"padding-top:var(--wp--preset--spacing--medium);padding-right:var(--wp--preset--spacing--medium);padding-bottom:var(--wp--preset--spacing--medium);padding-left:var(--wp--preset--spacing--medium)\">\n<details class=\"wp-block-details is-layout-flow wp-block-details-is-layout-flow\"><summary><b>Ressources en ligne<\/b><\/summary>\n<ul class=\"wp-block-list\">\n<li>Acc\u00e8s r\u00e9serv\u00e9 aux membres : manuels techniques, guides de stages, vid\u00e9os et outils d\u2019enseignement mis \u00e0 jour.<\/li>\n\n\n\n<li>Webinaires exclusifs aux membres pour garder tes comp\u00e9tences \u00e0 jour.<\/li>\n\n\n\n<li>Les derni\u00e8res nouvelles de l\u2019industrie, infos sur les \u00e9v\u00e9nements et conseils techniques \u2014 tout \u00e0 port\u00e9e de main.<\/li>\n<\/ul>\n<\/details>\n<\/div>\n\n\n\n<div class=\"wp-block-column has-blue-background-color has-background is-layout-flow wp-block-column-is-layout-flow\" style=\"padding-top:var(--wp--preset--spacing--medium);padding-right:var(--wp--preset--spacing--medium);padding-bottom:var(--wp--preset--spacing--medium);padding-left:var(--wp--preset--spacing--medium)\">\n<details class=\"wp-block-details is-layout-flow wp-block-details-is-layout-flow\"><summary><b>Communaut\u00e9 et soutien<\/b><\/summary>\n<ul class=\"wp-block-list\">\n<li>Fais partie d\u2019une communaut\u00e9 nationale de moniteurs(trices) certifi\u00e9s passionn\u00e9s de snowboard.<\/li>\n\n\n\n<li>B\u00e9n\u00e9ficie du soutien des formateurs, \u00e9valuateurs et du personnel de l&#8217;ACMS pour t\u2019aider \u00e0 progresser.<\/li>\n\n\n\n<li>Participe \u00e0 des \u00e9v\u00e9nements, des rencontres entre membres et des rassemblements saisonniers.<\/li>\n<\/ul>\n<\/details>\n<\/div>\n<\/div>\n\n\n\n<div class=\"wp-block-cover is-light\" style=\"border-style:none;border-width:0px;margin-top:var(--wp--preset--spacing--medium);margin-bottom:var(--wp--preset--spacing--medium);padding-top:0;padding-bottom:0\"><img decoding=\"async\" class=\"wp-block-cover__image-background wp-image-22584 size-full\" alt=\"\" src=\"https:\/\/casi-acms.com\/wp-content\/uploads\/2025\/07\/TremblantEDM2024JanRobWhelanPhoto-95.jpg\" data-object-fit=\"cover\"\/><span aria-hidden=\"true\" class=\"wp-block-cover__background has-lightgrey-background-color has-background-dim\"><\/span><div class=\"wp-block-cover__inner-container has-global-padding is-layout-constrained wp-container-core-cover-is-layout-94133ffc wp-block-cover-is-layout-constrained\">\n<p class=\"has-text-align-center has-xx-large-font-size\" style=\"border-style:none;border-width:0px\"><b>TON ADH\u00c9SION, C\u2019EST PLUS QU\u2019UNE CERTIFICATION<\/b><\/p>\n<\/div><\/div>\n\n\n\n<p>Une adh\u00e9sion \u00e0 l\u2019ACMS, c\u2019est une porte ouverte sur des opportunit\u00e9s, des connexions et une progression continue dans le monde du snowboard. On est l\u00e0 pour t\u2019aider \u00e0 grandir, rider et inspirer \u2014 \u00e0 chaque \u00e9tape de ton parcours.\nVa jeter un \u0153il \u00e0 notre page Avantages aux membres pour voir tout ce qui est offert!<\/p>\n\n\n\n<div class=\"wp-block-buttons is-content-justification-center is-layout-flex wp-container-core-buttons-is-layout-a89b3969 wp-block-buttons-is-layout-flex\">\n<div class=\"wp-block-button\"><a class=\"wp-block-button__link has-white-color has-red-background-color has-text-color has-background has-link-color has-text-align-center wp-element-button\" href=\"https:\/\/casi-acms.com\/fr\/programme-des-avantages\/\">Avantages aux membres<\/a><\/div>\n<\/div>\n\n\n\n<hr class=\"wp-block-separator has-alpha-channel-opacity\"\/>\n\n\n\n<h2 class=\"wp-block-heading\"><b>Ton statut de membre<\/b><\/h2>\n\n\n\n<p>Les cotisations sont valides du 1er juin au 31 mai chaque ann\u00e9e.\nSi tu viens tout juste d\u2019obtenir ta certification de niveau 1, tes frais d\u2019adh\u00e9sion sont inclus dans ton stage pour la premi\u00e8re ann\u00e9e (ou jusqu\u2019\u00e0 la fin de la p\u00e9riode d\u2019adh\u00e9sion en cours).<\/p>\n\n\n\n<p><span style=\"font-weight: 400;\">Chaque 1er juin, ton statut devient inactif jusqu\u2019\u00e0 ce que tu proc\u00e8des \u00e0 ton renouvellement. Connecte-toi \u00e0 ton portail membre pour garder ton adh\u00e9sion active, et profite de notre atelier annuel <\/span><i><span style=\"font-weight: 400;\">Mise \u00e0 jour en ligne pour les membres<\/span><\/i><span style=\"font-weight: 400;\"> \u2014 gratuit! \u2014 pour garder tes connaissances et tes comp\u00e9tences \u00e0 jour.<\/span><\/p>\n\n\n\n<hr class=\"wp-block-separator has-alpha-channel-opacity\"\/>\n\n\n\n<h2 class=\"wp-block-heading\">Reste connect\u00e9!<\/h2>\n\n\n\n<p>Pour rester au courant de tout ce qui se passe \u00e0 l&#8217;ACMS, surveille nos infolettres r\u00e9guli\u00e8res et suis-nous sur nos r\u00e9seaux sociaux!<\/p>\n\n\n\n<div class=\"wp-block-columns is-not-stacked-on-mobile is-layout-flex wp-container-core-columns-is-layout-28f84493 wp-block-columns-is-layout-flex\">\n<div class=\"wp-block-column is-layout-flow wp-block-column-is-layout-flow\">\n<div class=\"wp-block-columns is-layout-flex wp-container-core-columns-is-layout-28f84493 wp-block-columns-is-layout-flex\">\n<div class=\"wp-block-column is-layout-flow wp-block-column-is-layout-flow\">\n<figure class=\"wp-block-image aligncenter size-full\"><a href=\"https:\/\/www.youtube.com\/user\/CASIACMS\" target=\"_blank\" rel=\" noreferrer noopener\"><img loading=\"lazy\" decoding=\"async\" width=\"100\" height=\"100\" src=\"https:\/\/casi-acms.com\/wp-content\/uploads\/2025\/11\/YouTubIcon.jpg\" alt=\"\" class=\"wp-image-23563\"\/><\/a><\/figure>\n<\/div>\n\n\n\n<div class=\"wp-block-column is-layout-flow wp-block-column-is-layout-flow\">\n<figure class=\"wp-block-image aligncenter size-full\"><a href=\"https:\/\/www.instagram.com\/casiacms\/\" target=\"_blank\" rel=\" noreferrer noopener\"><img loading=\"lazy\" decoding=\"async\" width=\"100\" height=\"100\" src=\"https:\/\/casi-acms.com\/wp-content\/uploads\/2025\/11\/InstagramIcon.jpg\" alt=\"\" class=\"wp-image-23565\"\/><\/a><\/figure>\n<\/div>\n<\/div>\n<\/div>\n\n\n\n<div class=\"wp-block-column is-layout-flow wp-block-column-is-layout-flow\">\n<div class=\"wp-block-columns is-layout-flex wp-container-core-columns-is-layout-28f84493 wp-block-columns-is-layout-flex\">\n<div class=\"wp-block-column is-layout-flow wp-block-column-is-layout-flow\">\n<figure class=\"wp-block-image aligncenter size-full\"><a href=\"https:\/\/www.xiaohongshu.com\/1700188349\" target=\"_blank\" rel=\" noreferrer noopener\"><img loading=\"lazy\" decoding=\"async\" width=\"100\" height=\"100\" src=\"https:\/\/casi-acms.com\/wp-content\/uploads\/2025\/11\/XiaohonshuIcon.jpg\" alt=\"\" class=\"wp-image-23566\"\/><\/a><\/figure>\n<\/div>\n\n\n\n<div class=\"wp-block-column is-layout-flow wp-block-column-is-layout-flow\">\n<figure class=\"wp-block-image aligncenter size-full\"><a href=\"https:\/\/www.facebook.com\/CASIACMS\/\" target=\"_blank\" rel=\" noreferrer noopener\"><img loading=\"lazy\" decoding=\"async\" width=\"100\" height=\"100\" src=\"https:\/\/casi-acms.com\/wp-content\/uploads\/2025\/11\/FacebookIcon.jpg\" alt=\"\" class=\"wp-image-23567\"\/><\/a><\/figure>\n<\/div>\n<\/div>\n<\/div>\n<\/div>\n\n\n\n<hr class=\"wp-block-separator has-alpha-channel-opacity is-style-wide\"\/>\n\n\n\n<h4 class=\"wp-block-heading has-text-align-center has-xxx-large-font-size\"><strong>Rider. Enseigner. Inspirer.<\/strong><\/h4>\n<\/div>\n\n\n\n<div style=\"height:46px\" aria-hidden=\"true\" class=\"wp-block-spacer\"><\/div>\n","protected":false},"excerpt":{"rendered":"<p>F\u00e9licitations pour votre r\u00e9cente r\u00e9ussite d\u2019une certification CASI-ACMS! Que vous veniez tout juste d\u2019obtenir votre Niveau 1 ou que vous ayez ajout\u00e9 une nouvelle certification \u00e0 votre parcours, nous sommes ravis de souligner votre progression et votre engagement envers l\u2019Association Canadienne des Moniteurs de Snowboard. En tant que membre, tu fais partie d\u2019une communaut\u00e9 passionn\u00e9e&hellip;<\/p>\n","protected":false},"author":16,"featured_media":0,"parent":0,"menu_order":0,"comment_status":"closed","ping_status":"closed","template":"","meta":{"_acf_changed":false,"advanced_seo_description":"","jetpack_seo_html_title":"","jetpack_seo_noindex":false,"footnotes":""},"class_list":["post-22627","page","type-page","status-publish","hentry"],"acf":[],"jetpack_sharing_enabled":true,"_links":{"self":[{"href":"https:\/\/casi-acms.com\/fr\/wp-json\/wp\/v2\/pages\/22627","targetHints":{"allow":["GET"]}}],"collection":[{"href":"https:\/\/casi-acms.com\/fr\/wp-json\/wp\/v2\/pages"}],"about":[{"href":"https:\/\/casi-acms.com\/fr\/wp-json\/wp\/v2\/types\/page"}],"author":[{"embeddable":true,"href":"https:\/\/casi-acms.com\/fr\/wp-json\/wp\/v2\/users\/16"}],"replies":[{"embeddable":true,"href":"https:\/\/casi-acms.com\/fr\/wp-json\/wp\/v2\/comments?post=22627"}],"version-history":[{"count":4,"href":"https:\/\/casi-acms.com\/fr\/wp-json\/wp\/v2\/pages\/22627\/revisions"}],"predecessor-version":[{"id":23748,"href":"https:\/\/casi-acms.com\/fr\/wp-json\/wp\/v2\/pages\/22627\/revisions\/23748"}],"wp:attachment":[{"href":"https:\/\/casi-acms.com\/fr\/wp-json\/wp\/v2\/media?parent=22627"}],"curies":[{"name":"wp","href":"https:\/\/api.w.org\/{rel}","templated":true}]}}