{"id":21483,"date":"2024-10-17T09:38:00","date_gmt":"2024-10-17T16:38:00","guid":{"rendered":"https:\/\/casi-acms.com\/membres-de-25-ans\/"},"modified":"2025-08-28T13:17:07","modified_gmt":"2025-08-28T20:17:07","slug":"membres-de-25-ans","status":"publish","type":"page","link":"https:\/\/casi-acms.com\/fr\/membres-de-25-ans\/","title":{"rendered":"Membres de 25 ans"},"content":{"rendered":"\n<div class=\"wp-block-cover alignfull\" style=\"padding-top:var(--wp--preset--spacing--xx-large);padding-bottom:var(--wp--preset--spacing--xx-large)\"><img loading=\"lazy\" decoding=\"async\" width=\"1400\" height=\"933\" class=\"wp-block-cover__image-background wp-image-18716\" alt=\"\" src=\"https:\/\/casi-acms.com\/wp-content\/uploads\/2023\/12\/casi-freestyle-trick.jpg\" style=\"object-position:50% 32%\" data-object-fit=\"cover\" data-object-position=\"50% 32%\" srcset=\"https:\/\/casi-acms.com\/wp-content\/uploads\/2023\/12\/casi-freestyle-trick.jpg 1400w, https:\/\/casi-acms.com\/wp-content\/uploads\/2023\/12\/casi-freestyle-trick-636x424.jpg 636w, https:\/\/casi-acms.com\/wp-content\/uploads\/2023\/12\/casi-freestyle-trick-1296x864.jpg 1296w, https:\/\/casi-acms.com\/wp-content\/uploads\/2023\/12\/casi-freestyle-trick-768x512.jpg 768w, https:\/\/casi-acms.com\/wp-content\/uploads\/2023\/12\/casi-freestyle-trick-600x400.jpg 600w\" sizes=\"auto, (max-width: 1400px) 100vw, 1400px\" \/><span aria-hidden=\"true\" class=\"wp-block-cover__background has-black-background-color has-background-dim-80 has-background-dim\"><\/span><div class=\"wp-block-cover__inner-container has-global-padding is-layout-constrained wp-block-cover-is-layout-constrained\">\n<div class=\"wp-block-group aos-animate data-aos_fade-up has-global-padding is-layout-constrained wp-block-group-is-layout-constrained\">\n<h1 class=\"wp-block-heading has-text-align-center\"><strong>Membres de 25 ans<\/strong><\/h1>\n\n\n\n<p class=\"has-text-align-center has-medium-font-size\" class=\"lede\">Cette reconnaissance honore tous les membres qui ont contribu\u00e9 25 saisons \u00e0 l&#8217;ACMS. Nous sommes ravis de partager cette liste de noms et de reconna\u00eetre leur d\u00e9vouement, leur engagement et leurs contributions au cours du dernier quart de si\u00e8cle.<\/p>\n\n\n\n<p class=\"has-text-align-center has-medium-font-size\">Leur parcours au c\u0153ur de l&#8217;ACMS repr\u00e9sente une part inestimable de la croissance et de l&#8217;\u00e9volution de notre association et leur engagement refl\u00e8te les valeurs de l&#8217;ACMS &#8211; <\/p>\n\n\n\n<p class=\"has-text-align-center has-medium-font-size\"><strong><em>de promouvoir le meilleur enseignement du snowboard \u00e0 l&#8217;\u00e9chelle mondiale<\/em><\/strong>.<\/p>\n<\/div>\n<\/div><\/div>\n\n\n\n<div class=\"wp-block-columns is-layout-flex wp-container-core-columns-is-layout-28f84493 wp-block-columns-is-layout-flex\">\n<div class=\"wp-block-column is-layout-flow wp-block-column-is-layout-flow\" style=\"padding-top:var(--wp--preset--spacing--medium);padding-right:var(--wp--preset--spacing--medium);padding-bottom:var(--wp--preset--spacing--medium);padding-left:var(--wp--preset--spacing--medium)\">\n<p><strong>MEMBRE DEPUIS<\/strong> <em>(s\u00e9lectionner l&#8217;onglet)<\/em><\/p>\n\n\n\n\n\t<div class=\"tabs-wrap  aligncenter\">\n\t\t<div class=\"tabList-container\">\n\n\t\t\t<ul class=\"tabs tablist\" role=\"tablist\">\n\n\t\t\t\t\n\t\t\t\t\t<li id=\"tab-1\" class=\"tab tab-link no-btn-style  current\" aria-controls=\"tabpanel-1\" aria-selected=\"true\" role=\"tab\" tabindex=\"0\">\n\t\t\t\t\t\t1994\t\t\t\t\t<\/li>\n\n\t\t\t\t\t\n\t\t\t\t\t<li id=\"tab-2\" class=\"tab tab-link no-btn-style \" aria-controls=\"tabpanel-2\" aria-selected=\"false\" role=\"tab\" tabindex=\"-1\">\n\t\t\t\t\t\t1995\t\t\t\t\t<\/li>\n\n\t\t\t\t\t\n\t\t\t\t\t<li id=\"tab-3\" class=\"tab tab-link no-btn-style \" aria-controls=\"tabpanel-3\" aria-selected=\"false\" role=\"tab\" tabindex=\"-1\">\n\t\t\t\t\t\t1996\t\t\t\t\t<\/li>\n\n\t\t\t\t\t\n\t\t\t\t\t<li id=\"tab-4\" class=\"tab tab-link no-btn-style \" aria-controls=\"tabpanel-4\" aria-selected=\"false\" role=\"tab\" tabindex=\"-1\">\n\t\t\t\t\t\t1997\t\t\t\t\t<\/li>\n\n\t\t\t\t\t\n\t\t\t\t\t<li id=\"tab-5\" class=\"tab tab-link no-btn-style \" aria-controls=\"tabpanel-5\" aria-selected=\"false\" role=\"tab\" tabindex=\"-1\">\n\t\t\t\t\t\t1998\t\t\t\t\t<\/li>\n\n\t\t\t\t\t\n\t\t\t\t\t<li id=\"tab-6\" class=\"tab tab-link no-btn-style \" aria-controls=\"tabpanel-6\" aria-selected=\"false\" role=\"tab\" tabindex=\"-1\">\n\t\t\t\t\t\t1999\t\t\t\t\t<\/li>\n\n\t\t\t\t\t\n\t\t\t\t\t<li id=\"tab-7\" class=\"tab tab-link no-btn-style \" aria-controls=\"tabpanel-7\" aria-selected=\"false\" role=\"tab\" tabindex=\"-1\">\n\t\t\t\t\t\t2000\t\t\t\t\t<\/li>\n\n\t\t\t\t\t\n\t\t\t\t\t<li id=\"tab-8\" class=\"tab tab-link no-btn-style \" aria-controls=\"tabpanel-8\" aria-selected=\"false\" role=\"tab\" tabindex=\"-1\">\n\t\t\t\t\t\t2001\t\t\t\t\t<\/li>\n\n\t\t\t\t\t\n\t\t\t<\/ul>\n\n\t\t\t<div class=\"tab-panels\">\n\t\t\t\t\n\t\t\t\t\t<div id=\"tabpanel-1\" class=\"panel \" aria-labelledby=\"tab-1\" role=\"tabpanel\" tabindex=\"0\" aria-hidden=\" false\">\n\t\t\t\t\t\t<p class=\"lede\">Steven Albert<br \/>\nMario Asselin<br \/>\nAllison Avoledo<br \/>\nMark Ballard<br \/>\nColin Borrow<br \/>\nDaniel Brideau<br \/>\nScott Burneski<br \/>\nJeff Chandler<br \/>\nYanik Charron<br \/>\nAllison Church<br \/>\nBernard C\u00f4t\u00e9<br \/>\nDylan Dainard<br \/>\nGreg Daniells<br \/>\nCory Davies<br \/>\nCaroline Dubord<br \/>\nAndree-Anne<br \/>\nMarc Emerson<br \/>\nDavid Gagnon<br \/>\nBennett Galloway<br \/>\nDan Genge<br \/>\nGlen Gowland<br \/>\nJohn-Hans Grassl<br \/>\nChristian Hrab<br \/>\nDavid Hugill<br \/>\nKamil Jaderny<br \/>\nRobert Joncas<br \/>\nKathryn Jones<br \/>\nOtto Kamstra<br \/>\nYasuyuki Kawasaki<br \/>\nErin Kearn<br \/>\nRick Lawrence<br \/>\nRob Leblanc<br \/>\nStephen Leonard<br \/>\nJean-Francois Leroux<br \/>\nJean-Marc Letendre<br \/>\nMichel L\u00e9vesque<br \/>\nAdam Lowe<br \/>\nLyndsay Macdermott<br \/>\nAndrew MacLean<br \/>\nYui Matsushima<br \/>\nDerrick McWaid<br \/>\nJennie Nelson<br \/>\nRobert Palermo<br \/>\nMichel Paquette<br \/>\nRodrigue Potvin<br \/>\nRoch Provost<br \/>\nRheaume Ringuette<br \/>\nPatrick Robitaille<br \/>\nRyan Saulou<br \/>\nJohn Smith<br \/>\nRob Stevens<br \/>\nPeter Theysen<br \/>\nGarry Thomson<br \/>\nJean-Philippe Tondreau<br \/>\nRaymond Turgeon<br \/>\nCameron Twible<br \/>\nLarry Verhegghe<br \/>\nDoug Whieldon<br \/>\nMartin White<br \/>\nKiyonobu Yatabe<\/p>\n\t\t\t\t\t<\/div>\n\t\t\t\t\t\n\t\t\t\t\t<div id=\"tabpanel-2\" class=\"panel  hide\" aria-labelledby=\"tab-2\" role=\"tabpanel\" tabindex=\"0\" aria-hidden=\" true\">\n\t\t\t\t\t\t<p class=\"lede\">David Bader<br \/>\nGordon Bahl<br \/>\nStewart Barclay<br \/>\nWilliam Beallie<br \/>\nWaldemar Biernacki<br \/>\nMary Binsted<br \/>\nJoanne Bragg<br \/>\nMike Bray<br \/>\nSimon Brunet<br \/>\nKathleen Buffel<br \/>\nBrian Butt<br \/>\nChris Callahan<br \/>\nRoger Castonguay<br \/>\nAnthony Dattolo<br \/>\nJeff Dawson<br \/>\nBrian Diedenhofen<br \/>\nDana Diotte<br \/>\nChris Dodds<br \/>\nScott Eagleson<br \/>\nDean Esch<br \/>\nJohn Enns<br \/>\nCharles Fawcett<br \/>\nDave Frick<br \/>\nGregory George<br \/>\nCharles Gerrard<br \/>\nLeslie Glaysher<br \/>\nJoel Gourley<br \/>\nFranz Guilhon<br \/>\nWilliam Hibbard<br \/>\nHerbert Hoff<br \/>\nChris Kaipio<br \/>\nKen Kell<br \/>\nTyler King<br \/>\nJonathan Lapointe<br \/>\nMichel Lanthier<br \/>\nCameron Mackenzie<br \/>\nSuzanne Malone<br \/>\nGord Manuel<br \/>\nJames McLain<br \/>\nNoriko Miyajima<br \/>\nJas Michalski<br \/>\nDouglas Mooder<br \/>\nIan Morey<br \/>\nLee Mounsey<br \/>\nBrenda Nolf<br \/>\nBrian Penney<br \/>\nGilles Plourde<br \/>\nKeith Powell<br \/>\nBrad Quessy<br \/>\nRory Ring<br \/>\nChris Salhany<br \/>\nJonathan Squires<br \/>\nPeter Stewart<br \/>\nMark Summers<br \/>\nJulie Tanas<br \/>\nMarc Tanguay<br \/>\nChris Tanglis<br \/>\nTim Therriault<br \/>\nMarat Tsofin<br \/>\nNadine Vezina<br \/>\nJeffrey Wadsworth<br \/>\nWarren Won<br \/>\nKathy Yankovich<br \/>\nBill Yeigh<br \/>\nJakub Zabek<\/p>\n\t\t\t\t\t<\/div>\n\t\t\t\t\t\n\t\t\t\t\t<div id=\"tabpanel-3\" class=\"panel  hide\" aria-labelledby=\"tab-3\" role=\"tabpanel\" tabindex=\"0\" aria-hidden=\" true\">\n\t\t\t\t\t\t<p class=\"lede\">Brian Baker<br \/>\nDiane Bekiroski<br \/>\nYannick Bergevin<br \/>\nJulian Base<br \/>\nMichael Bettam<br \/>\nRajesh Bhatt<br \/>\nMike Bradford<br \/>\nSean Brady<br \/>\nChris Christiansen<br \/>\nSteven Clark<br \/>\nGlenn Clarke<br \/>\nMatthew Code<br \/>\nWilliam Comrie<br \/>\nSarah C\u00f4t\u00e9<br \/>\nKevin Eaton<br \/>\nMichel Fachinetti<br \/>\nJoshua Foster<br \/>\nBarry Gillis<br \/>\nGeoff Hall<br \/>\nGreg Henkenhaf<br \/>\nPeggy Kassa<br \/>\nYukiko Kawada<br \/>\nKen Kitchen<br \/>\nJason Klein<br \/>\nMarc Legros<br \/>\nClovis Lettre-Racine<br \/>\nRobert Malentant<br \/>\nAndrew McCraney<br \/>\nTaffy Mcleod<br \/>\nJim McMahon<br \/>\nJason Mednick<br \/>\nMartin Michaud<br \/>\nHolly O&#8217;Neill<br \/>\nGlenn Quessy<br \/>\nDaniel Reeve<br \/>\nDan Renauld<br \/>\nJames Reid<br \/>\nSandy Ross<br \/>\nBarry Singh<br \/>\nDean Stone<br \/>\nMike Struthers<br \/>\nPatricia Therriault<br \/>\nDidier Touchette<br \/>\nRemo Trovato<br \/>\nJohn Vincze<br \/>\nKeith Whiston<br \/>\nJohn Woods<br \/>\nNathaniel Yaworenko<br \/>\nDan Yoja<br \/>\nMeredith Youmans<br \/>\nLindsay Young<br \/>\nDan Renauld<\/p>\n\t\t\t\t\t<\/div>\n\t\t\t\t\t\n\t\t\t\t\t<div id=\"tabpanel-4\" class=\"panel  hide\" aria-labelledby=\"tab-4\" role=\"tabpanel\" tabindex=\"0\" aria-hidden=\" true\">\n\t\t\t\t\t\t<p class=\"lede\">Lucan Allin<br \/>\nJosh Ball<br \/>\nDave Balne<br \/>\nPhilippe Boucher<br \/>\nBrian Brownlie<br \/>\nGraham Bulcock<br \/>\nTrish Cheney<br \/>\nAnthony Chruszcz<br \/>\nRaymond Clerk<br \/>\nTim Cormick<br \/>\nEzio Costanza<br \/>\nAlan Cronk<br \/>\nAdrianne Cunningham<br \/>\nSonja Dawson<br \/>\nIvan Desjardins<br \/>\nChris Ebbern<br \/>\nSarah Edwards<br \/>\nCatherine Elliott<br \/>\nJean Philippe Ethier<br \/>\nSteven Fisk<br \/>\nEric Gagn\u00e9<br \/>\nAndrea George<br \/>\nDavid Galloway<br \/>\nShawn Griffin<br \/>\nPatrick Gerrie<br \/>\nMargaret-Anne Gold<br \/>\nAlexandra Goslett<br \/>\nRenaud Hardy<br \/>\nNick Hearty<br \/>\nLaura Henderson<br \/>\nJason Hewitt<br \/>\nChris Higgs<br \/>\nJoel Hodge<br \/>\nAdrian Hodson-Walker<br \/>\nSimon Holden<br \/>\nSebastien Hotte<br \/>\nJames Hyland<br \/>\nMathew Kenny<br \/>\nKazushi Kitayama<br \/>\nCharlotte Klein<br \/>\nLucette L&#8217;Esperance<br \/>\nPatrick Lacasse<br \/>\nMarie-Eve Lafontaine<br \/>\nLuan Le<br \/>\nFraser Lee<br \/>\nMarie Letarte<br \/>\nJohn Lidstone<br \/>\nRobert Lidstone<br \/>\nKeith Lofvendahl<br \/>\nPeter Lohuaru<br \/>\nClare Logan<br \/>\nIan Logain<br \/>\nAlissa Lynds<br \/>\nKaren Lyons<br \/>\nPeter Macewen<br \/>\nJamie Matheson<br \/>\nMatt McGuire<br \/>\nJens Mende<br \/>\nAndrew Messner<br \/>\nLorne Milne<br \/>\nRichard Mountain<br \/>\nKen Nixon<br \/>\nEjner Olsen<br \/>\nMisty Pagliaro<br \/>\nMark Palvetzian<br \/>\nJohn Parry<br \/>\nAndre Perron<br \/>\nJoe Proctor<br \/>\nDaniel Raymond<br \/>\nOlivier Riberdy<br \/>\nCarlo Riveroll<br \/>\nEdgar Seiden<br \/>\nMarc Sauv\u00e9<br \/>\nDonald Sweatman<br \/>\nKathryn Tarrant<br \/>\nAmber Theiner<br \/>\nYves Therrien<br \/>\nWalter Traub<br \/>\nNicole van Woudenberg<br \/>\nJennifer Vivian<br \/>\nAnik Waterman<br \/>\nImo Weinert<br \/>\nRob Whelan<br \/>\nSteve Witvoet<br \/>\nJohn Yagi<\/p>\n\t\t\t\t\t<\/div>\n\t\t\t\t\t\n\t\t\t\t\t<div id=\"tabpanel-5\" class=\"panel  hide\" aria-labelledby=\"tab-5\" role=\"tabpanel\" tabindex=\"0\" aria-hidden=\" true\">\n\t\t\t\t\t\t<p class=\"lede\">John Allen<br \/>\nLuca Arnaldi<br \/>\nLuc Belanger<br \/>\nBlandine Bellon<br \/>\nAndrea Bishop<br \/>\nJean-Francois Blais<br \/>\nAlexandre Burr<br \/>\nLianna Chabot<br \/>\nTina Chesney<br \/>\nMatthew Corbett<br \/>\nBrandon Davies<br \/>\nYves Desmeules<br \/>\nJayden Dinney<br \/>\nZack Dippo<br \/>\nDave Dowie<br \/>\nFrancois Dube<br \/>\nCam Farrell<br \/>\nRalph Ferguson<br \/>\nDave Garrett<br \/>\nNeil George<br \/>\nEdmund Gregory<br \/>\nPeter Gross<br \/>\nLyne Guerard<br \/>\nLiana Hansen<br \/>\nBernadette Heldsinger<br \/>\nBen Holmlund<br \/>\nLinda Homenick<br \/>\nGeof Ikeno<br \/>\nHank Inkster<br \/>\nShaun Jamieson<br \/>\nMellen Jay<br \/>\nKanda Kazuhisa<br \/>\nVern Kirk<br \/>\nAlberto Knox<br \/>\nJJ Stephan Lapointe<br \/>\nHugh Mclachlin<br \/>\nClaude Nourry<br \/>\nFrancois Paile<br \/>\nMelissa Penney<br \/>\nKevin Pepper<br \/>\nNicholas Plesman<br \/>\nJulien Portelance<br \/>\nBrendan Prough<br \/>\nMichele Rideout<br \/>\nHeather Robertson<br \/>\nWendy Robinson<br \/>\nMorley Romaniuk<br \/>\nKathryn Rutherford<br \/>\nPeter Simmerle<br \/>\nKrista Smith<br \/>\nPeter Smolik<br \/>\nMaxime Soucy<br \/>\nDoug Striker<br \/>\nMark Szepes<br \/>\nMichael Tone<br \/>\nAlexandre Trudeau<br \/>\nBrian Tuskey<br \/>\nPete Wakefield<br \/>\nPaul Wood<br \/>\nGlenn Wood<br \/>\nSteve Young<\/p>\n\t\t\t\t\t<\/div>\n\t\t\t\t\t\n\t\t\t\t\t<div id=\"tabpanel-6\" class=\"panel  hide\" aria-labelledby=\"tab-6\" role=\"tabpanel\" tabindex=\"0\" aria-hidden=\" true\">\n\t\t\t\t\t\t<p class=\"lede\">Peter Armstrong<br \/>\nScott Barker<br \/>\nBlandine Bellon<br \/>\nMarc Boulerice<br \/>\nJamie Brooks-Hill<br \/>\nWade Bush<br \/>\nAntoine Cantin-Brault<br \/>\nJennifer Cook<br \/>\nPaul Cyr<br \/>\nAndre Dickner<br \/>\nDerek Fong<br \/>\nAdam Gardner<br \/>\nMichael Goodman<br \/>\nAlistair Greenfield<br \/>\nFrederic Guay<br \/>\nAndrew Hilton-Wigg<br \/>\nBrent Hyndman<br \/>\nJohn Jokinen<br \/>\nDenys Jones<br \/>\nFrancois Lamoureux<br \/>\nPan Lau<br \/>\nPier-Luc Lemieux<br \/>\nKim Logan<br \/>\nGerald Logan<br \/>\nJustin Lovell<br \/>\nDaniel Lakula<br \/>\nJeffrey Marks<br \/>\nIain Martin<br \/>\nFancois Mayer<br \/>\nKurt Merriman<br \/>\nPeter Novosad<br \/>\nBill Perry<br \/>\nNicholas (Nik) Pilsworth<br \/>\nJan Pokorny<br \/>\nGuy Poupart<br \/>\nFrancois Pruneau<br \/>\nRyan Rausch<br \/>\nPenny Robinson<br \/>\nBrad Sheldrake<br \/>\nSteven Simpson<br \/>\nGeorge Smerchynsky<br \/>\nDevin Stubbs<br \/>\nMurray Sugden<br \/>\nDustin Titus<br \/>\nToshiro Tsukuda<br \/>\nPaul Vandenberg<br \/>\nTerry Wagg<br \/>\nDavid Webb<br \/>\nMatthew Wickett<br \/>\nGinger Yee<br \/>\nMi Young Kim<\/p>\n\t\t\t\t\t<\/div>\n\t\t\t\t\t\n\t\t\t\t\t<div id=\"tabpanel-7\" class=\"panel  hide\" aria-labelledby=\"tab-7\" role=\"tabpanel\" tabindex=\"0\" aria-hidden=\" true\">\n\t\t\t\t\t\t<p class=\"lede\">Kevin Abe<br \/>\nMatthew Agar<br \/>\nStacey Beaudry<br \/>\nRobert Beresford<br \/>\nMelanie Camman<br \/>\nKelly Corneal<br \/>\nBill Crow<br \/>\nRichard Fonger<br \/>\nColin Garrioch<br \/>\nJean-Francois Gingras<br \/>\nCharles-Andr\u00e9 Girard<br \/>\nNeil Helfrick<br \/>\nErika Hille<br \/>\nMarc-Andr\u00e9 Jette<br \/>\nAllan Kaplan<br \/>\nNoriaki Kumagai<br \/>\nBarbara Langley<br \/>\nMichel Leclair<br \/>\nRichard Luck-Hille<br \/>\nNancy Mackay<br \/>\nMichael Manara<br \/>\nGregory Matthews<br \/>\nRuss McLaughlin<br \/>\nChristopher Mcquillan<br \/>\nJean-Francois Menard<br \/>\nJill Merriman<br \/>\nChristine Nadon<br \/>\nPeter Petzold<br \/>\nGenevi\u00e8ve Pilotto<br \/>\nJames Puga<br \/>\nKevin Roberge<br \/>\nAdam Robertson<br \/>\nIvan Sierralta<br \/>\nDominic Smith<br \/>\nKirsti Suutari<br \/>\nAkiko Takemoto<br \/>\nRyan Watmough<br \/>\nHoward Weinstein<br \/>\nDustin Winstanley<\/p>\n\t\t\t\t\t<\/div>\n\t\t\t\t\t\n\t\t\t\t\t<div id=\"tabpanel-8\" class=\"panel  hide\" aria-labelledby=\"tab-8\" role=\"tabpanel\" tabindex=\"0\" aria-hidden=\" true\">\n\t\t\t\t\t\t<p class=\"lede\">Bruce Cannell<br \/>\nAlain Cote<br \/>\nTimothy Ray<br \/>\nJohn MacDougall<br \/>\nJean-Marc<br \/>\nEvan Lindsey<br \/>\nDaniel Harris<br \/>\nRyan Frazer<br \/>\nGerard Poirier<br \/>\nJoseph Marchant<br \/>\nHarold Fung<br \/>\nAndrew Martin<br \/>\nChris Graham<\/p>\n\t\t\t\t\t<\/div>\n\t\t\t\t\t\t\t\t<\/div>\n\t\t<\/div>\n\t<\/div>\n\n\n\n\n<script>\n\t\/**\n\t * keyboard navigation with tabs.\n\t * arrow up or right => open next tab\n\t * arrow down or bottom => open previous tab\n\t **\/\n\tconst tablist = document.querySelectorAll(\"[role='tablist'] [role='tab']\");\n\n\tfunction tabsClickHandler() {\n\t\tconst thisTabId = this.getAttribute('id');\n\t\tconst thisTabList = this.closest(\"[role='tablist']\").querySelectorAll(\"[role='tab']\");\n\n\t\tthisTabList.forEach(function (tab) {\n\t\t\tconst thisTabPanel = document.querySelector(\"[role='tabpanel'][id='\" + tab.getAttribute('aria-controls') + \"']\");\n\t\t\tif (tab.getAttribute('id') === thisTabId) {\n\t\t\t\tthisTabPanel.classList.remove(\"hide\");\n\t\t\t\ttab.setAttribute('aria-selected', true);\n\t\t\t\ttab.setAttribute('tabindex', '0');\n\t\t\t} else {\n\t\t\t\tthisTabPanel.classList.add(\"hide\");\n\t\t\t\ttab.setAttribute('aria-selected', false);\n\t\t\t\ttab.setAttribute('tabindex', '-1');\n\t\t\t}\n\t\t});\n\t}\n\n\tfunction tabsHandler(event) {\n\t\tconst index = Array.from(tablist).indexOf(this);\n\t\tconst numbTabs = tablist.length;\n\t\tlet nextId;\n\n\t\tif (numbTabs > 1) {\n\t\t\tif (event.keyCode === 40 || event.keyCode === 39) { \/\/ DOWN or RIGHT\n\t\t\t\tnextId = tablist[(index + 1) % numbTabs];\n\t\t\t}\n\n\t\t\tif (event.keyCode === 38 || event.keyCode === 37) { \/\/ UP or LEFT\n\t\t\t\tnextId = tablist[(index - 1 + numbTabs) % numbTabs];\n\t\t\t}\n\n\t\t\tnextId.focus(); \/\/ focus on next tab\n\t\t\tnextId.click();\n\t\t}\n\t}\n\n\ttablist.forEach(function (tab) {\n\t\ttab.addEventListener('keydown', tabsHandler);\n\t\ttab.addEventListener('click', tabsClickHandler);\n\t});\n\n\tdocument.querySelector(\"[role='tablist'] [role='tab'][aria-selected='true']\").click();\n\n\n\n<\/script><\/div>\n<\/div>\n","protected":false},"excerpt":{"rendered":"<p>Cette reconnaissance honore tous les membres qui ont contribu\u00e9 25 saisons \u00e0 l&#8217;ACMS. Nous sommes ravis de partager cette liste de noms et de reconna\u00eetre leur d\u00e9vouement, leur engagement et leurs contributions au cours du dernier quart de si\u00e8cle. Leur parcours au c\u0153ur de l&#8217;ACMS repr\u00e9sente une part inestimable de la croissance et de l&#8217;\u00e9volution&hellip;<\/p>\n","protected":false},"author":19,"featured_media":21472,"parent":0,"menu_order":0,"comment_status":"closed","ping_status":"closed","template":"","meta":{"_acf_changed":false,"advanced_seo_description":"","jetpack_seo_html_title":"","jetpack_seo_noindex":false,"footnotes":""},"class_list":["post-21483","page","type-page","status-publish","has-post-thumbnail","hentry"],"acf":[],"jetpack_sharing_enabled":true,"_links":{"self":[{"href":"https:\/\/casi-acms.com\/fr\/wp-json\/wp\/v2\/pages\/21483","targetHints":{"allow":["GET"]}}],"collection":[{"href":"https:\/\/casi-acms.com\/fr\/wp-json\/wp\/v2\/pages"}],"about":[{"href":"https:\/\/casi-acms.com\/fr\/wp-json\/wp\/v2\/types\/page"}],"author":[{"embeddable":true,"href":"https:\/\/casi-acms.com\/fr\/wp-json\/wp\/v2\/users\/19"}],"replies":[{"embeddable":true,"href":"https:\/\/casi-acms.com\/fr\/wp-json\/wp\/v2\/comments?post=21483"}],"version-history":[{"count":7,"href":"https:\/\/casi-acms.com\/fr\/wp-json\/wp\/v2\/pages\/21483\/revisions"}],"predecessor-version":[{"id":22812,"href":"https:\/\/casi-acms.com\/fr\/wp-json\/wp\/v2\/pages\/21483\/revisions\/22812"}],"wp:featuredmedia":[{"embeddable":true,"href":"https:\/\/casi-acms.com\/fr\/wp-json\/wp\/v2\/media\/21472"}],"wp:attachment":[{"href":"https:\/\/casi-acms.com\/fr\/wp-json\/wp\/v2\/media?parent=21483"}],"curies":[{"name":"wp","href":"https:\/\/api.w.org\/{rel}","templated":true}]}}