{"id":18933,"date":"2023-11-07T11:21:50","date_gmt":"2023-11-07T19:21:50","guid":{"rendered":"https:\/\/live-canadian-association-of-snowboard-instructors.pantheonsite.io\/qui-sommes-nous\/"},"modified":"2024-12-04T07:59:10","modified_gmt":"2024-12-04T15:59:10","slug":"qui-sommes-nous","status":"publish","type":"page","link":"https:\/\/casi-acms.com\/fr\/qui-sommes-nous\/","title":{"rendered":"Qui Sommes-nous?"},"content":{"rendered":"\n<div class=\"wp-block-cover alignfull\" style=\"padding-top:var(--wp--preset--spacing--xx-large);padding-bottom:var(--wp--preset--spacing--xx-large)\"><span aria-hidden=\"true\" class=\"wp-block-cover__background has-black-background-color has-background-dim-80 has-background-dim\"><\/span><img loading=\"lazy\" decoding=\"async\" width=\"1511\" height=\"727\" class=\"wp-block-cover__image-background wp-image-16648\" alt=\"\" src=\"https:\/\/casi-acms.com\/wp-content\/uploads\/2023\/11\/CASI0.png\" data-object-fit=\"cover\" srcset=\"https:\/\/casi-acms.com\/wp-content\/uploads\/2023\/11\/CASI0.png 1511w, https:\/\/casi-acms.com\/wp-content\/uploads\/2023\/11\/CASI0-636x306.png 636w, https:\/\/casi-acms.com\/wp-content\/uploads\/2023\/11\/CASI0-1296x624.png 1296w, https:\/\/casi-acms.com\/wp-content\/uploads\/2023\/11\/CASI0-768x370.png 768w, https:\/\/casi-acms.com\/wp-content\/uploads\/2023\/11\/CASI0-600x289.png 600w\" sizes=\"auto, (max-width: 1511px) 100vw, 1511px\" \/><div class=\"wp-block-cover__inner-container has-global-padding is-layout-constrained wp-block-cover-is-layout-constrained\">\n<div class=\"wp-block-group aos-animate data-aos_fade-up has-global-padding is-layout-constrained wp-block-group-is-layout-constrained\">\n<h1 class=\"wp-block-heading has-text-align-center\"><strong>PAR DES SNOWBOARDERS<\/strong><strong><br><\/strong><strong>POUR LES SNOWBOARDERS<\/strong><\/h1>\n\n\n\n<p class=\"has-text-align-center has-medium-font-size\" class=\"lede\">L&#8217;ACMS est une organisation professionnelle \u00e0 but non lucratif fond\u00e9e en 1994. Aujourd&#8217;hui encore, nous sommes enti\u00e8rement dirig\u00e9s par des snowboarders et nous servons d&#8217;organisme de certification pour l&#8217;ensemble du Canada.<\/p>\n<\/div>\n<\/div><\/div>\n\n\n\n<div class=\"wp-block-cover alignfull is-light relative overflow-visible\" style=\"padding-top:0;padding-bottom:0;min-height:481px;aspect-ratio:unset;\"><span aria-hidden=\"true\" class=\"wp-block-cover__background has-blue-background-color has-background-dim-100 has-background-dim\"><\/span><div class=\"wp-block-cover__inner-container has-global-padding is-layout-constrained wp-block-cover-is-layout-constrained\">\n<div class=\"wp-block-columns alignwide is-layout-flex wp-container-core-columns-is-layout-d8d6b130 wp-block-columns-is-layout-flex\" style=\"padding-top:var(--wp--preset--spacing--x-large);padding-bottom:var(--wp--preset--spacing--x-large)\">\n<div class=\"wp-block-column aos-animate data-aos_fade-up is-layout-flow wp-block-column-is-layout-flow\" style=\"padding-right:var(--wp--preset--spacing--small);padding-left:var(--wp--preset--spacing--small)\">\n<figure class=\"wp-block-image size-full\"><img decoding=\"async\" src=\"https:\/\/casi-acms.com\/wp-content\/uploads\/2023\/11\/CASI-Quote-White.svg\" alt=\"\" class=\"wp-image-16679\"\/><\/figure>\n\n\n\n<p class=\"has-x-large-font-size\">&#8220;Les membres de l&#8217;ACMS forment chaque jour de nouveaux snowboarders dans le monde entier, en utilisant des m\u00e9thodologies techniques et p\u00e9dagogiques \u00e9prouv\u00e9es pour faire de ce voyage une r\u00e9ussite.&#8221;<\/p>\n<\/div>\n\n\n\n<div class=\"wp-block-column is-layout-flow wp-block-column-is-layout-flow\"><\/div>\n<\/div>\n\n\n\n<div class=\"wp-block-columns alignwide offset-bottom-50 is-layout-flex wp-container-core-columns-is-layout-28f84493 wp-block-columns-is-layout-flex\">\n<div class=\"wp-block-column is-layout-flow wp-block-column-is-layout-flow\"><\/div>\n\n\n\n<div class=\"wp-block-column is-layout-flow wp-container-core-column-is-layout-cc3bcda1 wp-block-column-is-layout-flow\" style=\"padding-right:var(--wp--preset--spacing--large);padding-left:var(--wp--preset--spacing--large)\">\n<figure class=\"wp-block-image size-full aos-animate  data-aos_fade-up data-aos-delay_300\"><img loading=\"lazy\" decoding=\"async\" width=\"661\" height=\"692\" src=\"https:\/\/casi-acms.com\/wp-content\/uploads\/2023\/11\/CASI2.png\" alt=\"\" class=\"wp-image-16652\" style=\"aspect-ratio:0.9552023121387283;object-fit:cover\" srcset=\"https:\/\/casi-acms.com\/wp-content\/uploads\/2023\/11\/CASI2.png 661w, https:\/\/casi-acms.com\/wp-content\/uploads\/2023\/11\/CASI2-636x666.png 636w, https:\/\/casi-acms.com\/wp-content\/uploads\/2023\/11\/CASI2-600x628.png 600w\" sizes=\"auto, (max-width: 661px) 100vw, 661px\" \/><\/figure>\n<\/div>\n<\/div>\n<\/div><\/div>\n\n\n\n<div class=\"wp-block-cover alignfull is-light grain-overlay has-white-color has-text-color\" style=\"padding-top:0;padding-right:0;padding-bottom:var(--wp--preset--spacing--small);padding-left:0;min-height:602px;aspect-ratio:unset;\"><span aria-hidden=\"true\" class=\"wp-block-cover__background has-background-dim-0 has-background-dim\"><\/span><img loading=\"lazy\" decoding=\"async\" width=\"1512\" height=\"1085\" class=\"wp-block-cover__image-background wp-image-16328\" alt=\"\" src=\"https:\/\/casi-acms.com\/wp-content\/uploads\/2023\/11\/casi-lg-bg.jpg\" data-object-fit=\"cover\" srcset=\"https:\/\/casi-acms.com\/wp-content\/uploads\/2023\/11\/casi-lg-bg.jpg 1512w, https:\/\/casi-acms.com\/wp-content\/uploads\/2023\/11\/casi-lg-bg-636x456.jpg 636w, https:\/\/casi-acms.com\/wp-content\/uploads\/2023\/11\/casi-lg-bg-1296x930.jpg 1296w, https:\/\/casi-acms.com\/wp-content\/uploads\/2023\/11\/casi-lg-bg-768x551.jpg 768w, https:\/\/casi-acms.com\/wp-content\/uploads\/2023\/11\/casi-lg-bg-600x431.jpg 600w\" sizes=\"auto, (max-width: 1512px) 100vw, 1512px\" \/><div class=\"wp-block-cover__inner-container has-global-padding is-layout-constrained wp-container-core-cover-is-layout-294893a0 wp-block-cover-is-layout-constrained\">\n<div class=\"wp-block-columns alignwide no-mobile-margin is-layout-flex wp-container-core-columns-is-layout-65119718 wp-block-columns-is-layout-flex\" style=\"margin-bottom:var(--wp--preset--spacing--large);padding-top:var(--wp--preset--spacing--x-large);padding-right:0;padding-bottom:0;padding-left:0\">\n<div class=\"wp-block-column no-mobile-side-padding is-layout-flow wp-block-column-is-layout-flow\" style=\"padding-right:var(--wp--preset--spacing--xx-large)\">\n<div class=\"wp-block-group aos-animate data-aos_fade-up has-global-padding is-layout-constrained wp-container-core-group-is-layout-3a820303 wp-block-group-is-layout-constrained\" style=\"padding-right:var(--wp--preset--spacing--small);padding-left:var(--wp--preset--spacing--small)\">\n<h2 class=\"wp-block-heading\">L\u00c0 O\u00d9 TOUT A COMMENC\u00c9<\/h2>\n\n\n\n<p>Cr\u00e9\u00e9e en 1994, l&#8217;ACMS forme et certifie les moniteurs de snowboard au Canada et \u00e0 l&#8217;\u00e9tranger, et fournit des moniteurs form\u00e9s aux stations de ski du monde entier.<\/p>\n<\/div>\n<\/div>\n\n\n\n<div class=\"wp-block-column is-layout-flow wp-block-column-is-layout-flow\"><\/div>\n<\/div>\n\n\n\n<div class=\"wp-block-columns alignwide no-mobile-margin is-layout-flex wp-container-core-columns-is-layout-45850f81 wp-block-columns-is-layout-flex\" style=\"margin-top:var(--wp--preset--spacing--x-large);padding-top:0;padding-right:0;padding-bottom:var(--wp--preset--spacing--large);padding-left:0\">\n<div class=\"wp-block-column is-layout-flow wp-block-column-is-layout-flow\"><\/div>\n\n\n\n<div class=\"wp-block-column no-mobile-side-padding aos-animate data-aos_fade-up is-layout-flow wp-block-column-is-layout-flow\" style=\"padding-right:var(--wp--preset--spacing--xx-large);padding-bottom:var(--wp--preset--spacing--large)\">\n<p class=\"has-medium-font-size\" style=\"padding-right:var(--wp--preset--spacing--small);padding-left:var(--wp--preset--spacing--small)\">Nos membres travaillent au Canada et dans le monde entier, de l&#8217;Asie \u00e0 l&#8217;Europe en passant par la Nouvelle-Z\u00e9lande. Au niveau mondial, nous sommes l&#8217;un des seuls organismes de certification de snowboard uniquement qui ne soit pas li\u00e9 \u00e0 une association de moniteurs de ski.<\/p>\n<\/div>\n<\/div>\n\n\n\n<figure class=\"wp-block-image alignfull size-full aos-animate data-aos_fade-left\"><img decoding=\"async\" src=\"https:\/\/casi-acms.com\/wp-content\/uploads\/2024\/02\/ride-avec-nous.svg\" alt=\"\" class=\"wp-image-20407\"\/><\/figure>\n<\/div><\/div>\n\n\n\n<div class=\"wp-block-group alignwide has-global-padding is-layout-constrained wp-block-group-is-layout-constrained\" style=\"margin-bottom:var(--wp--preset--spacing--x-large);padding-top:var(--wp--preset--spacing--x-large);padding-bottom:var(--wp--preset--spacing--x-large)\">\n<div class=\"wp-block-columns alignwide is-layout-flex wp-container-core-columns-is-layout-28f84493 wp-block-columns-is-layout-flex\">\n<div class=\"wp-block-column is-layout-flow wp-block-column-is-layout-flow\" style=\"flex-basis:35%\">\n<h2 class=\"wp-block-heading has-text-align-center sticky sticky-50\">PAR LES CHIFFRES<\/h2>\n<\/div>\n\n\n\n<div class=\"wp-block-column is-layout-flow wp-block-column-is-layout-flow\" style=\"flex-basis:65%\">\n<div class=\"wp-block-group aos-animate data-aos_fade-up has-global-padding is-layout-constrained wp-block-group-is-layout-constrained\" style=\"margin-bottom:var(--wp--preset--spacing--xxxx-large)\">\n<p class=\"has-text-align-center has-xxxx-large-font-size\" style=\"margin-top:0;margin-bottom:0\">30<\/p>\n\n\n\n<h4 class=\"wp-block-heading has-text-align-center has-small-font-size\" style=\"margin-top:0;margin-bottom:0;text-transform:uppercase\">ann\u00e9es de progression<\/h4>\n<\/div>\n\n\n\n<div class=\"wp-block-group aos-animate data-aos_fade-up has-global-padding is-layout-constrained wp-block-group-is-layout-constrained\" style=\"margin-bottom:var(--wp--preset--spacing--xxxx-large)\">\n<p class=\"has-text-align-center has-xxxx-large-font-size\" style=\"margin-top:0;margin-bottom:0\">7,500+<\/p>\n\n\n\n<h4 class=\"wp-block-heading has-text-align-center has-small-font-size\" style=\"margin-top:0;margin-bottom:0\">membres actifs <\/h4>\n<\/div>\n\n\n\n<div class=\"wp-block-group aos-animate data-aos_fade-up data-aos-delay_300 has-global-padding is-layout-constrained wp-block-group-is-layout-constrained\" style=\"margin-bottom:var(--wp--preset--spacing--xxxx-large)\">\n<p class=\"has-text-align-center has-xxxx-large-font-size\" style=\"margin-top:0;margin-bottom:0\">75,000+  <\/p>\n\n\n\n<h4 class=\"wp-block-heading has-text-align-center\" style=\"margin-top:0;margin-bottom:0\">instructeurs certifi\u00e9s \u00e0 ce jour <\/h4>\n<\/div>\n\n\n\n<div class=\"wp-block-group aos-animate data-aos_fade-up has-global-padding is-layout-constrained wp-block-group-is-layout-constrained\" style=\"margin-bottom:var(--wp--preset--spacing--xxxx-large)\">\n<p class=\"has-text-align-center has-xxxx-large-font-size\" style=\"margin-top:0;margin-bottom:0\">200+  <\/p>\n\n\n\n<h4 class=\"wp-block-heading has-text-align-center\" style=\"margin-top:0;margin-bottom:0\">centres de vill\u00e9giature desservis dans tout le Canada<\/h4>\n<\/div>\n\n\n\n<div class=\"wp-block-group aos-animate data-aos_fade-up has-global-padding is-layout-constrained wp-block-group-is-layout-constrained\">\n<p class=\"has-text-align-center has-xxxx-large-font-size\" style=\"margin-top:0;margin-bottom:0\">26%  <\/p>\n\n\n\n<h4 class=\"wp-block-heading has-text-align-center\" style=\"margin-top:0;margin-bottom:0\">des membres actuels sont internationaux<\/h4>\n<\/div>\n<\/div>\n<\/div>\n<\/div>\n\n\n\n<div class=\"wp-block-cover alignfull overflow-visible has-white-color has-text-color\" style=\"padding-top:0;padding-bottom:0;min-height:772px;aspect-ratio:unset;\"><span aria-hidden=\"true\" class=\"wp-block-cover__background has-black-background-color has-background-dim-100 has-background-dim\"><\/span><div class=\"wp-block-cover__inner-container has-global-padding is-layout-constrained wp-block-cover-is-layout-constrained\">\n<div class=\"wp-block-columns alignwide are-vertically-aligned-center is-layout-flex wp-container-core-columns-is-layout-14e4e90c wp-block-columns-is-layout-flex\" style=\"padding-bottom:var(--wp--preset--spacing--x-large)\">\n<div class=\"wp-block-column is-vertically-aligned-center is-layout-flow wp-block-column-is-layout-flow\" style=\"padding-top:var(--wp--preset--spacing--x-large);padding-bottom:var(--wp--preset--spacing--large);flex-basis:40%\">\n<div class=\"wp-block-group aos-animate data-aos_fade-up has-global-padding is-layout-constrained wp-container-core-group-is-layout-73fd4124 wp-block-group-is-layout-constrained\" style=\"margin-top:0;margin-bottom:var(--wp--preset--spacing--x-large);padding-top:0;padding-right:0;padding-bottom:0;padding-left:0\">\n<h2 class=\"wp-block-heading has-text-align-right\">Notre vision<\/h2>\n\n\n\n<p class=\"has-text-align-right has-medium-font-size\">Nous aspirons \u00e0 \u00eatre des leaders mondiaux en mati\u00e8re de formation des moniteurs, d&#8217;innovation et de d\u00e9veloppement professionnel, synonymes d&#8217;une industrie des sports de neige prosp\u00e8re, diversifi\u00e9e et accessible.<\/p>\n<\/div>\n\n\n\n<figure class=\"wp-block-embed is-type-video is-provider-youtube wp-block-embed-youtube wp-embed-aspect-16-9 wp-has-aspect-ratio\"><div class=\"wp-block-embed__wrapper\">\n<iframe loading=\"lazy\" title=\"CASI-ACMS: Ride With Us! \/ Ride avec nous!\" width=\"500\" height=\"281\" src=\"https:\/\/www.youtube.com\/embed\/zbSdEbFr63c?feature=oembed\" frameborder=\"0\" allow=\"accelerometer; autoplay; clipboard-write; encrypted-media; gyroscope; picture-in-picture; web-share\" referrerpolicy=\"strict-origin-when-cross-origin\" allowfullscreen><\/iframe>\n<\/div><\/figure>\n<\/div>\n\n\n\n<div class=\"wp-block-column is-vertically-aligned-center no-mobile-side-padding offset-top-5 is-layout-flow wp-block-column-is-layout-flow\" style=\"padding-left:var(--wp--preset--spacing--x-large);flex-basis:60%\">\n<figure class=\"wp-block-image size-full  mobile-img-crop aos-animate data-aos_fade-up\"><img loading=\"lazy\" decoding=\"async\" width=\"625\" height=\"772\" src=\"https:\/\/casi-acms.com\/wp-content\/uploads\/2023\/11\/CASI1.png\" alt=\"\" class=\"wp-image-16650\" srcset=\"https:\/\/casi-acms.com\/wp-content\/uploads\/2023\/11\/CASI1.png 625w, https:\/\/casi-acms.com\/wp-content\/uploads\/2023\/11\/CASI1-600x741.png 600w\" sizes=\"auto, (max-width: 625px) 100vw, 625px\" \/><\/figure>\n\n\n\n<div class=\"wp-block-group aos-animate data-aos_fade-up has-global-padding is-layout-constrained wp-block-group-is-layout-constrained\" style=\"margin-top:var(--wp--preset--spacing--large)\">\n<h2 class=\"wp-block-heading\" style=\"margin-top:0\">Notre mission<\/h2>\n\n\n\n<p class=\"has-medium-font-size\">Inspirer le meilleur enseignement du snowboard au monde.<\/p>\n\n\n\n<div class=\"wp-block-buttons is-layout-flex wp-block-buttons-is-layout-flex\">\n<div class=\"wp-block-button is-style-outline is-style-outline--1\"><a class=\"wp-block-button__link wp-element-button\" href=\"\/wp-content\/uploads\/2024\/01\/ACMS_Plan_Strategique_2023.pdf\" target=\"_blank\" rel=\"noreferrer noopener\">Plan strat\u00e9gique 2023-26<\/a><\/div>\n<\/div>\n<\/div>\n<\/div>\n<\/div>\n<\/div><\/div>\n\n\n\n<div class=\"wp-block-cover alignfull is-light\"><span aria-hidden=\"true\" class=\"wp-block-cover__background has-blue-background-color has-background-dim-100 has-background-dim\"><\/span><div class=\"wp-block-cover__inner-container has-global-padding is-layout-constrained wp-block-cover-is-layout-constrained\">\n<div class=\"wp-block-columns alignwide are-vertically-aligned-center is-layout-flex wp-container-core-columns-is-layout-28f84493 wp-block-columns-is-layout-flex\">\n<div class=\"wp-block-column is-vertically-aligned-center aos-animate data-aos_fade-up is-layout-flow wp-block-column-is-layout-flow\">\n<h2 class=\"wp-block-heading\">Les GESTIONNAIRES des programmes sont vos principaux interlocuteurs pour acc\u00e9der aux stages dans tout le pays.<\/h2>\n<\/div>\n\n\n\n<div class=\"wp-block-column is-vertically-aligned-center is-layout-flow wp-block-column-is-layout-flow\">\n<figure class=\"wp-block-image size-full\"><img decoding=\"async\" src=\"https:\/\/casi-acms.com\/wp-content\/uploads\/2024\/07\/Artboard-1.svg\" alt=\"\" class=\"wp-image-20884\"\/><\/figure>\n<\/div>\n<\/div>\n<\/div><\/div>\n\n\n\n<div class=\"wp-block-cover alignfull is-light\"><span aria-hidden=\"true\" class=\"wp-block-cover__background has-background-dim-0 has-background-dim\"><\/span><img loading=\"lazy\" decoding=\"async\" width=\"1512\" height=\"1085\" class=\"wp-block-cover__image-background wp-image-16328\" alt=\"\" src=\"https:\/\/casi-acms.com\/wp-content\/uploads\/2023\/11\/casi-lg-bg.jpg\" data-object-fit=\"cover\" srcset=\"https:\/\/casi-acms.com\/wp-content\/uploads\/2023\/11\/casi-lg-bg.jpg 1512w, https:\/\/casi-acms.com\/wp-content\/uploads\/2023\/11\/casi-lg-bg-636x456.jpg 636w, https:\/\/casi-acms.com\/wp-content\/uploads\/2023\/11\/casi-lg-bg-1296x930.jpg 1296w, https:\/\/casi-acms.com\/wp-content\/uploads\/2023\/11\/casi-lg-bg-768x551.jpg 768w, https:\/\/casi-acms.com\/wp-content\/uploads\/2023\/11\/casi-lg-bg-600x431.jpg 600w\" sizes=\"auto, (max-width: 1512px) 100vw, 1512px\" \/><div class=\"wp-block-cover__inner-container has-global-padding is-layout-constrained wp-block-cover-is-layout-constrained\">\n<div class=\"wp-block-group alignwide has-global-padding is-layout-constrained wp-block-group-is-layout-constrained\">\n\n\n    <div class=\"slider swiper-container slider-type-testimonials slider-theme-  aos-animate data-aos_fade-up alignwide\" slider-type=\"testimonials\">\n        <div class=\"swiper-wrapper\">\n                            \n                <div class=\"slide swiper-slide\">\n                                            <div class=\"testimonial-quote\"><img loading=\"lazy\" decoding=\"async\" src=\"\/wp-content\/uploads\/2023\/11\/CASI-Quote.svg\" width=\"98\" height=\"89\" aria-hidden=\"true\" \/><\/div>\n                        <div class=\"slide-inner testimonial\">\n                            <p class=\"testimonial-text has-text-align-center has-white-color has-x-large-font-size\">&#8220;Il s&#8217;agit d&#8217;un programme pratique dans le cadre duquel nous \u00e9tudions les techniques d&#8217;enseignement et les techniques de glisse, mais qui, dans un sens plus large, est dispens\u00e9 par un groupe important de moniteurs de snowboard exp\u00e9riment\u00e9s qui sont l\u00e0 pour transmettre les comp\u00e9tences qu&#8217;ils ont acquises dans l&#8217;industrie&#8221;.<\/p>\n                            <p class=\"author has-text-align-center has-white-color\">Jeff Chandler, directeur ex\u00e9cutif<\/p>\n                        <\/div>\n                                    <\/div>\n\n                            \n                <div class=\"slide swiper-slide\">\n                                            <div class=\"testimonial-quote\"><img loading=\"lazy\" decoding=\"async\" src=\"\/wp-content\/uploads\/2023\/11\/CASI-Quote.svg\" width=\"98\" height=\"89\" aria-hidden=\"true\" \/><\/div>\n                        <div class=\"slide-inner testimonial\">\n                            <p class=\"testimonial-text has-text-align-center has-white-color has-x-large-font-size\">&#8220;Les comp\u00e9tences d&#8217;instructeur que vous apprenez sont pr\u00e9cieuses pour tous les autres types d&#8217;emploi. Communication, structure des cours, comp\u00e9tences en leadership, pr\u00e9sentation devant un groupe, ma\u00eetrise de l&#8217;espace. Voil\u00e0 le type de comp\u00e9tences que les participants acqui\u00e8rent au cours de leur parcours au sein de l&#8217;ACMS.<\/p>\n                            <p class=\"author has-text-align-center has-white-color\">Genevieve Pilotto, directrice de l&#8217;\u00e9ducation et des programmes<\/p>\n                        <\/div>\n                                    <\/div>\n\n                    <\/div>\n        <div class=\"slider-pagination swiper-pagination\"><\/div>\n    <\/div>\n\n\n\n\n\n    \n    \n\n\n\n\n\n<\/div>\n<\/div><\/div>\n\n\n\n\n<div class=\"grid-wrapper has-black-background-color has-white-color\">\n    <div class=\"grid\">\n                        <div class=\"grid__item pos-1\">\n                    <div class=\"grid__item-animation\" data-aos=\"zoom-in\" data-aos-duration=\"1400\" data-aos-delay=\"400\" data-aos-once=\"true\">\n                        <div class=\"grid__item-img grid-img grid-img-1\" style=\"background-image:url(https:\/\/casi-acms.com\/wp-content\/uploads\/2023\/11\/CASI4-1.jpg );\"><\/div>\n                    <\/div>\n                <\/div>\n                                            <div class=\"grid__item pos-2\">\n                    <div class=\"grid__item-animation\" data-aos=\"zoom-in\" data-aos-duration=\"1400\" data-aos-delay=\"600\" data-aos-once=\"true\">\n                        <div class=\"grid__item-img grid-img grid-img-2\" style=\"background-image:url(https:\/\/casi-acms.com\/wp-content\/uploads\/2023\/11\/CASI3.jpg );\"><\/div>\n                    <\/div>\n                <\/div>\n                                            <div class=\"grid__item pos-3\">\n                    <div class=\"grid__item-animation\" data-aos=\"zoom-in\" data-aos-duration=\"1400\" data-aos-delay=\"800\" data-aos-once=\"true\">\n                        <div class=\"grid__item-img grid-img grid-img-3\" style=\"background-image:url(https:\/\/casi-acms.com\/wp-content\/uploads\/2023\/11\/CASI9.jpg );\"><\/div>\n                    <\/div>\n                <\/div>\n                                            <div class=\"grid__item pos-4\">\n                    <div class=\"grid__item-animation\" data-aos=\"zoom-in\" data-aos-duration=\"1400\" data-aos-delay=\"200\" data-aos-once=\"true\">\n                        <div class=\"grid__item-img grid-img grid-img-4\" style=\"background-image:url(https:\/\/casi-acms.com\/wp-content\/uploads\/2023\/11\/CASI8.jpg );\"><\/div>\n                    <\/div>\n                <\/div>\n                                            <div class=\"grid__item pos-5\">\n                    <div class=\"grid__item-animation\" data-aos=\"zoom-in\" data-aos-duration=\"1400\" data-aos-delay=\"800\" data-aos-once=\"true\">\n                        <div class=\"grid__item-img grid-img grid-img-5\" style=\"background-image:url(https:\/\/casi-acms.com\/wp-content\/uploads\/2023\/11\/CASI10.jpg );\"><\/div>\n                    <\/div>\n                <\/div>\n                                            <div class=\"grid__item pos-6\">\n                    <div class=\"grid__item-animation\" data-aos=\"zoom-in\" data-aos-duration=\"1400\" data-aos-delay=\"400\" data-aos-once=\"true\">\n                        <div class=\"grid__item-img grid-img grid-img-6\" style=\"background-image:url(https:\/\/casi-acms.com\/wp-content\/uploads\/2023\/11\/CASI7.jpg );\"><\/div>\n                    <\/div>\n                <\/div>\n                                            <div class=\"grid__item pos-7\">\n                    <div class=\"grid__item-animation\" data-aos=\"zoom-in\" data-aos-duration=\"1400\" data-aos-delay=\"800\" data-aos-once=\"true\">\n                        <div class=\"grid__item-img grid-img grid-img-7\" style=\"background-image:url(https:\/\/casi-acms.com\/wp-content\/uploads\/2023\/11\/CASI5.jpg );\"><\/div>\n                    <\/div>\n                <\/div>\n                                            <div class=\"grid__item pos-8\">\n                    <div class=\"grid__item-animation\" data-aos=\"zoom-in\" data-aos-duration=\"1400\" data-aos-delay=\"600\" data-aos-once=\"true\">\n                        <div class=\"grid__item-img grid-img grid-img-8\" style=\"background-image:url(https:\/\/casi-acms.com\/wp-content\/uploads\/2023\/11\/CASI6.jpg );\"><\/div>\n                    <\/div>\n                <\/div>\n                                        <\/div>\n    <div class=\"grid-inner\">\n        \n\n<div class=\"wp-block-group alignwide has-global-padding is-layout-constrained wp-block-group-is-layout-constrained\" style=\"padding-top:var(--wp--preset--spacing--xxxx-large);padding-bottom:var(--wp--preset--spacing--xxxx-large)\">\n<div class=\"wp-block-group alignwide aos-animate data-aos_fade-up has-global-padding is-layout-constrained wp-container-core-group-is-layout-3a820303 wp-block-group-is-layout-constrained\" style=\"padding-right:var(--wp--preset--spacing--small);padding-left:var(--wp--preset--spacing--small)\">\n<h2 class=\"wp-block-heading alignwide has-text-align-center\">Nos collaborateurs<\/h2>\n\n\n\n<p class=\"has-text-align-center has-medium-font-size\">Faire d\u00e9couvrir le snowboard \u00e0 d&#8217;autres personnes, c&#8217;est notre raison d&#8217;\u00eatre.<\/p>\n\n\n\n<div class=\"wp-block-buttons is-content-justification-center is-layout-flex wp-container-core-buttons-is-layout-a89b3969 wp-block-buttons-is-layout-flex\">\n<div class=\"wp-block-button is-style-outline is-style-outline--2\"><a class=\"wp-block-button__link wp-element-button\" href=\"https:\/\/casi-acms.com\/fr\/notre-equipe\/\">Rencontrer notre \u00e9quipe<\/a><\/div>\n<\/div>\n<\/div>\n<\/div>\n\n\n    <\/div>\n<\/div>\n\n\n\n\n        \n","protected":false},"excerpt":{"rendered":"<p>L&#8217;ACMS est une organisation professionnelle \u00e0 but non lucratif fond\u00e9e en 1994. Aujourd&#8217;hui encore, nous sommes enti\u00e8rement dirig\u00e9s par des snowboarders et nous servons d&#8217;organisme de certification pour l&#8217;ensemble du Canada. &#8220;Les membres de l&#8217;ACMS forment chaque jour de nouveaux snowboarders dans le monde entier, en utilisant des m\u00e9thodologies techniques et p\u00e9dagogiques \u00e9prouv\u00e9es pour faire&hellip;<\/p>\n","protected":false},"author":12,"featured_media":0,"parent":0,"menu_order":0,"comment_status":"closed","ping_status":"closed","template":"","meta":{"_acf_changed":false,"advanced_seo_description":"","jetpack_seo_html_title":"","jetpack_seo_noindex":false,"footnotes":""},"class_list":["post-18933","page","type-page","status-publish","hentry"],"acf":[],"jetpack_sharing_enabled":true,"_links":{"self":[{"href":"https:\/\/casi-acms.com\/fr\/wp-json\/wp\/v2\/pages\/18933","targetHints":{"allow":["GET"]}}],"collection":[{"href":"https:\/\/casi-acms.com\/fr\/wp-json\/wp\/v2\/pages"}],"about":[{"href":"https:\/\/casi-acms.com\/fr\/wp-json\/wp\/v2\/types\/page"}],"author":[{"embeddable":true,"href":"https:\/\/casi-acms.com\/fr\/wp-json\/wp\/v2\/users\/12"}],"replies":[{"embeddable":true,"href":"https:\/\/casi-acms.com\/fr\/wp-json\/wp\/v2\/comments?post=18933"}],"version-history":[{"count":17,"href":"https:\/\/casi-acms.com\/fr\/wp-json\/wp\/v2\/pages\/18933\/revisions"}],"predecessor-version":[{"id":21889,"href":"https:\/\/casi-acms.com\/fr\/wp-json\/wp\/v2\/pages\/18933\/revisions\/21889"}],"wp:attachment":[{"href":"https:\/\/casi-acms.com\/fr\/wp-json\/wp\/v2\/media?parent=18933"}],"curies":[{"name":"wp","href":"https:\/\/api.w.org\/{rel}","templated":true}]}}