{"id":18736,"date":"2023-11-07T11:22:11","date_gmt":"2023-11-07T19:22:11","guid":{"rendered":"https:\/\/live-canadian-association-of-snowboard-instructors.pantheonsite.io\/code-dethique\/"},"modified":"2025-07-07T09:35:22","modified_gmt":"2025-07-07T16:35:22","slug":"code-dethique","status":"publish","type":"page","link":"https:\/\/casi-acms.com\/fr\/code-dethique\/","title":{"rendered":"Code d&#8217;\u00e9thique"},"content":{"rendered":"\n<div class=\"wp-block-cover alignfull\" style=\"padding-top:var(--wp--preset--spacing--xx-large);padding-bottom:var(--wp--preset--spacing--xx-large)\"><img loading=\"lazy\" decoding=\"async\" width=\"1511\" height=\"727\" class=\"wp-block-cover__image-background wp-image-16648\" alt=\"\" src=\"https:\/\/casi-acms.com\/wp-content\/uploads\/2023\/11\/CASI0.png\" data-object-fit=\"cover\" srcset=\"https:\/\/casi-acms.com\/wp-content\/uploads\/2023\/11\/CASI0.png 1511w, https:\/\/casi-acms.com\/wp-content\/uploads\/2023\/11\/CASI0-636x306.png 636w, https:\/\/casi-acms.com\/wp-content\/uploads\/2023\/11\/CASI0-1296x624.png 1296w, https:\/\/casi-acms.com\/wp-content\/uploads\/2023\/11\/CASI0-768x370.png 768w, https:\/\/casi-acms.com\/wp-content\/uploads\/2023\/11\/CASI0-600x289.png 600w\" sizes=\"auto, (max-width: 1511px) 100vw, 1511px\" \/><span aria-hidden=\"true\" class=\"wp-block-cover__background has-black-background-color has-background-dim-80 has-background-dim\"><\/span><div class=\"wp-block-cover__inner-container has-global-padding is-layout-constrained wp-block-cover-is-layout-constrained\">\n<div class=\"wp-block-group aos-animate data-aos_fade-up has-global-padding is-layout-constrained wp-block-group-is-layout-constrained\">\n<h1 class=\"wp-block-heading has-text-align-center\"><strong>Code d&#8217;\u00e9thique<\/strong><\/h1>\n\n\n\n<p class=\"has-text-align-center has-medium-font-size\" class=\"lede\">Chaque membre est r\u00e9gi(e) par le pr\u00e9sent Code d\u2019\u00e9thique et doit respecter en tout temps les articles qui suivent, pendant l\u2019exercice de ses fonctions professionnelles et en dehors de celui-ci. Le profond respect du Code conf\u00e9rera du prestige et de l\u2019honneur \u00e0 l\u2019organisation et contribuera \u00e0 faire en sorte que le grand public et l\u2019industrie des sports de neige aient une haute opinion de la profession.<\/p>\n<\/div>\n<\/div><\/div>\n\n\n\n<div class=\"wp-block-group alignwide has-global-padding is-layout-constrained wp-container-core-group-is-layout-5287f2a8 wp-block-group-is-layout-constrained\" style=\"padding-top:var(--wp--preset--spacing--x-large);padding-right:var(--wp--preset--spacing--small);padding-bottom:var(--wp--preset--spacing--x-large);padding-left:var(--wp--preset--spacing--small)\">\n<div class=\"wp-block-columns alignwide is-layout-flex wp-container-core-columns-is-layout-47e616e8 wp-block-columns-is-layout-flex\">\n<div class=\"wp-block-column aos-animate data-aos_fade-up has-blue-background-color has-background is-layout-flow wp-block-column-is-layout-flow\" style=\"padding-top:var(--wp--preset--spacing--large);padding-right:var(--wp--preset--spacing--large);padding-bottom:var(--wp--preset--spacing--large);padding-left:var(--wp--preset--spacing--large)\">\n<h3 class=\"wp-block-heading\"><strong>Article 1<\/strong><\/h3>\n\n\n\n<p>Le public demande et m\u00e9rite les le\u00e7ons les plus s\u00fbres et les plus efficaces. \u00catre membre consiste \u00e0 repr\u00e9senter les plus beaux aspects du sport en tout temps, soit l\u2019int\u00e9grit\u00e9, l\u2019honneur et le respect \u00e0 l\u2019\u00e9gard des personnes qui ont confiance en lui(elle) et ses capacit\u00e9s d\u2019enseignement. De plus, comme le snowboard est un sport que beaucoup pratiquent au cours de leurs ann\u00e9es formatrices, les membres ont une responsabilit\u00e9 \u00e0 l\u2019\u00e9gard des jeunes de ce pays en leur offrant un exemple \u00e0 suivre.<\/p>\n<\/div>\n\n\n\n<div class=\"wp-block-column aos-animate data-aos_fade-up has-blue-background-color has-background is-layout-flow wp-block-column-is-layout-flow\" style=\"padding-top:var(--wp--preset--spacing--large);padding-right:var(--wp--preset--spacing--large);padding-bottom:var(--wp--preset--spacing--large);padding-left:var(--wp--preset--spacing--large)\">\n<h3 class=\"wp-block-heading\"><strong>Article 2<\/strong><\/h3>\n\n\n\n<p>Un(e) membre doit toujours s\u2019efforcer de perfectionner davantage ses habilet\u00e9s techniques et p\u00e9dagogiques afin de tirer le meilleur de lui(elle)-m\u00eame. L\u2019autoperfectionnement continu est essentiel pour qu\u2019un(e) membre demeure \u00e0 jour et pertinent(e) en tant que moniteur(trice) de snowboard professionnel(le).<\/p>\n<\/div>\n\n\n\n<div class=\"wp-block-column aos-animate data-aos_fade-up has-blue-background-color has-background is-layout-flow wp-block-column-is-layout-flow\" style=\"padding-top:var(--wp--preset--spacing--large);padding-right:var(--wp--preset--spacing--large);padding-bottom:var(--wp--preset--spacing--large);padding-left:var(--wp--preset--spacing--large)\">\n<h3 class=\"wp-block-heading\"><strong>Article 3<\/strong><\/h3>\n\n\n\n<p>Les membres sont continuellement soumis au regard du public en tant que moniteurs et monitrices et doivent donc agir de fa\u00e7on responsable, \u00e9quitable et professionnelle en tout temps. Un(e) membre a la responsabilit\u00e9 envers lui(elle)-m\u00eame, ses coll\u00e8gues et le public de donner le meilleur exemple en tout temps au sein de la communaut\u00e9 des sports de neige.<\/p>\n<\/div>\n<\/div>\n\n\n\n<div class=\"wp-block-columns alignwide is-layout-flex wp-container-core-columns-is-layout-47e616e8 wp-block-columns-is-layout-flex\">\n<div class=\"wp-block-column aos-animate data-aos_fade-up has-blue-background-color has-background is-layout-flow wp-block-column-is-layout-flow\" style=\"padding-top:var(--wp--preset--spacing--large);padding-right:var(--wp--preset--spacing--large);padding-bottom:var(--wp--preset--spacing--large);padding-left:var(--wp--preset--spacing--large)\">\n<h3 class=\"wp-block-heading\"><strong>Article 4<\/strong><\/h3>\n\n\n\n<p>Aucun(e) membre ne doit pr\u00e9senter de mani\u00e8re inexacte son niveau de certification ou son statut de membre au sein de l\u2019organisation. Les membres ne doivent pas enseigner en dehors de leur niveau de certification lorsqu\u2019ils(elles) travaillent comme moniteur ou monitrice de snowboard. Chaque membre doit respecter les limites de sa formation, de ses connaissances et de son exp\u00e9rience, selon son niveau de certification.<\/p>\n<\/div>\n\n\n\n<div class=\"wp-block-column aos-animate data-aos_fade-up has-blue-background-color has-background is-layout-flow wp-block-column-is-layout-flow\" style=\"padding-top:var(--wp--preset--spacing--large);padding-right:var(--wp--preset--spacing--large);padding-bottom:var(--wp--preset--spacing--large);padding-left:var(--wp--preset--spacing--large)\">\n<h3 class=\"wp-block-heading\"><strong>Article 5<\/strong><\/h3>\n\n\n\n<p>Lorsqu\u2019ils(elles) sont embauch\u00e9(e)s \u00e0 titre de moniteur ou monitrice de snowboard, les membres doivent interagir en tout temps avec leur employeur de fa\u00e7on professionnelle, comp\u00e9tente et en temps opportun. Ils(elles) doivent repr\u00e9senter l\u2019association au mieux de leurs capacit\u00e9s et s\u2019acquitter rapidement de leurs obligations financi\u00e8res professionnelles, en plus de mener toutes leurs transactions d\u2019affaires d\u2019une mani\u00e8re conforme aux normes de l\u2019organisation.<\/p>\n<\/div>\n\n\n\n<div class=\"wp-block-column aos-animate data-aos_fade-up has-blue-background-color has-background is-layout-flow wp-block-column-is-layout-flow\" style=\"padding-top:var(--wp--preset--spacing--large);padding-right:var(--wp--preset--spacing--large);padding-bottom:var(--wp--preset--spacing--large);padding-left:var(--wp--preset--spacing--large)\">\n<h3 class=\"wp-block-heading\"><strong>Article 6<\/strong><\/h3>\n\n\n\n<p>Les membres peuvent avoir l\u2019occasion de repr\u00e9senter des produits ou des marques dans le cadre d\u2019une commandite ou d\u2019un accord professionnel. Faire de la publicit\u00e9 pour des produits uniquement \u00e0 des fins personnelles, sans v\u00e9ritable connaissance et conviction des avantages de ces produits, est une fausse repr\u00e9sentation de la philosophie de l\u2019Association et induit les coll\u00e8gues et le grand public en erreur.<\/p>\n<\/div>\n<\/div>\n\n\n\n<div class=\"wp-block-columns alignwide is-layout-flex wp-container-core-columns-is-layout-47e616e8 wp-block-columns-is-layout-flex\">\n<div class=\"wp-block-column aos-animate data-aos_fade-up has-blue-background-color has-background is-layout-flow wp-block-column-is-layout-flow\" style=\"padding-top:var(--wp--preset--spacing--large);padding-right:var(--wp--preset--spacing--large);padding-bottom:var(--wp--preset--spacing--large);padding-left:var(--wp--preset--spacing--large)\">\n<h3 class=\"wp-block-heading\"><strong>Article 7<\/strong><\/h3>\n\n\n\n<p>Les membres ne doivent pas compromettre ou abuser de quelque fa\u00e7on que ce soit des relations de promotion entre les fournisseurs ou d\u2019autres partisans et l\u2019Association. Ces relations sont en place pour appuyer les moniteurs et monitrices de snowboard qui travaillent dans l\u2019industrie.<\/p>\n<\/div>\n\n\n\n<div class=\"wp-block-column aos-animate data-aos_fade-up has-blue-background-color has-background is-layout-flow wp-block-column-is-layout-flow\" style=\"padding-top:var(--wp--preset--spacing--large);padding-right:var(--wp--preset--spacing--large);padding-bottom:var(--wp--preset--spacing--large);padding-left:var(--wp--preset--spacing--large)\">\n<h3 class=\"wp-block-heading\"><strong>Article 8<\/strong><\/h3>\n\n\n\n<p>\u00c0 aucun moment un membre ne peut \u00eatre impliqu\u00e9 dans des activit\u00e9s ill\u00e9gales ou criminelles. La consommation d\u2019alcool, de&nbsp;cannabis&nbsp;ou de toute substance interdite, quelle qu\u2019en soit la circonstance, est strictement interdite pendant le travail.<\/p>\n<\/div>\n\n\n\n<div class=\"wp-block-column aos-animate data-aos_fade-up has-blue-background-color has-background is-layout-flow wp-block-column-is-layout-flow\" style=\"padding-top:var(--wp--preset--spacing--large);padding-right:var(--wp--preset--spacing--large);padding-bottom:var(--wp--preset--spacing--large);padding-left:var(--wp--preset--spacing--large)\">\n<h3 class=\"wp-block-heading\"><strong>Article 9<\/strong><\/h3>\n\n\n\n<p>Les membres qui offrent des stages de formation, des le\u00e7ons ou d\u2019autres programmes ou qui administrent des programmes doivent s\u2019assurer de d\u00e9tenir les approbations et les ententes d\u2019utilisation des terres n\u00e9cessaires pour les r\u00e9gions o\u00f9 ils(elles) exercent leurs activit\u00e9s et d\u2019avoir les couvertures d\u2019assurance appropri\u00e9es pour les activit\u00e9s r\u00e9alis\u00e9es.<\/p>\n<\/div>\n<\/div>\n\n\n\n<div class=\"wp-block-columns alignwide is-layout-flex wp-container-core-columns-is-layout-47e616e8 wp-block-columns-is-layout-flex\">\n<div class=\"wp-block-column aos-animate data-aos_fade-up has-blue-background-color has-background is-layout-flow wp-block-column-is-layout-flow\" style=\"padding-top:var(--wp--preset--spacing--large);padding-right:var(--wp--preset--spacing--large);padding-bottom:var(--wp--preset--spacing--large);padding-left:var(--wp--preset--spacing--large)\">\n<h3 class=\"wp-block-heading\"><strong>Article 10<\/strong><\/h3>\n\n\n\n<p>Le conseil d\u2019administration prendra les mesures disciplinaires appropri\u00e9es en cas de violation des articles du Code. Ces mesures peuvent varier d\u2019une simple r\u00e9primande \u00e0 la suspension \u00e0 vie.<\/p>\n<\/div>\n\n\n\n<div class=\"wp-block-column aos-animate data-aos_fade-up is-layout-flow wp-block-column-is-layout-flow\" style=\"padding-top:var(--wp--preset--spacing--large);padding-right:var(--wp--preset--spacing--large);padding-bottom:var(--wp--preset--spacing--large);padding-left:var(--wp--preset--spacing--large)\"><\/div>\n\n\n\n<div class=\"wp-block-column aos-animate data-aos_fade-up is-layout-flow wp-block-column-is-layout-flow\" style=\"padding-top:var(--wp--preset--spacing--large);padding-right:var(--wp--preset--spacing--large);padding-bottom:var(--wp--preset--spacing--large);padding-left:var(--wp--preset--spacing--large)\"><\/div>\n<\/div>\n<\/div>\n\n\n\n<div class=\"wp-block-columns is-layout-flex wp-container-core-columns-is-layout-28f84493 wp-block-columns-is-layout-flex\">\n<div class=\"wp-block-column is-layout-flow wp-block-column-is-layout-flow\">\n<div class=\"wp-block-buttons is-content-justification-center is-layout-flex wp-container-core-buttons-is-layout-a89b3969 wp-block-buttons-is-layout-flex\">\n<div class=\"wp-block-button\"><a class=\"wp-block-button__link has-text-align-center wp-element-button\" href=\"https:\/\/casi-acms.com\/wp-content\/uploads\/2025\/07\/CODE-OF-ETHICS-CN.pdf\" target=\"_blank\" rel=\"noreferrer noopener\">\u4e0b\u8f7d\u4e2d\u6587\u7248<\/a><\/div>\n<\/div>\n<\/div>\n<\/div>\n","protected":false},"excerpt":{"rendered":"<p>Chaque membre est r\u00e9gi(e) par le pr\u00e9sent Code d\u2019\u00e9thique et doit respecter en tout temps les articles qui suivent, pendant l\u2019exercice de ses fonctions professionnelles et en dehors de celui-ci. Le profond respect du Code conf\u00e9rera du prestige et de l\u2019honneur \u00e0 l\u2019organisation et contribuera \u00e0 faire en sorte que le grand public et l\u2019industrie&hellip;<\/p>\n","protected":false},"author":12,"featured_media":0,"parent":0,"menu_order":0,"comment_status":"closed","ping_status":"closed","template":"","meta":{"_acf_changed":false,"advanced_seo_description":"","jetpack_seo_html_title":"","jetpack_seo_noindex":false,"footnotes":""},"class_list":["post-18736","page","type-page","status-publish","hentry"],"acf":[],"jetpack_sharing_enabled":true,"_links":{"self":[{"href":"https:\/\/casi-acms.com\/fr\/wp-json\/wp\/v2\/pages\/18736","targetHints":{"allow":["GET"]}}],"collection":[{"href":"https:\/\/casi-acms.com\/fr\/wp-json\/wp\/v2\/pages"}],"about":[{"href":"https:\/\/casi-acms.com\/fr\/wp-json\/wp\/v2\/types\/page"}],"author":[{"embeddable":true,"href":"https:\/\/casi-acms.com\/fr\/wp-json\/wp\/v2\/users\/12"}],"replies":[{"embeddable":true,"href":"https:\/\/casi-acms.com\/fr\/wp-json\/wp\/v2\/comments?post=18736"}],"version-history":[{"count":4,"href":"https:\/\/casi-acms.com\/fr\/wp-json\/wp\/v2\/pages\/18736\/revisions"}],"predecessor-version":[{"id":22481,"href":"https:\/\/casi-acms.com\/fr\/wp-json\/wp\/v2\/pages\/18736\/revisions\/22481"}],"wp:attachment":[{"href":"https:\/\/casi-acms.com\/fr\/wp-json\/wp\/v2\/media?parent=18736"}],"curies":[{"name":"wp","href":"https:\/\/api.w.org\/{rel}","templated":true}]}}